{"id":2516,"date":"2022-10-15T16:38:20","date_gmt":"2022-10-15T21:38:20","guid":{"rendered":"https:\/\/lagencemx.com\/?page_id=2516"},"modified":"2026-04-08T15:45:26","modified_gmt":"2026-04-08T21:45:26","slug":"property-management","status":"publish","type":"page","link":"https:\/\/lagencemx.com\/es\/property-management\/","title":{"rendered":"Property Management"},"content":{"rendered":"\t\t<div data-elementor-type=\"wp-page\" data-elementor-id=\"2516\" class=\"elementor elementor-2516\" data-elementor-post-type=\"page\">\n\t\t\t\t\t\t\t\t\t<section class=\"elementor-section elementor-top-section elementor-element elementor-element-45c0f61b elementor-section-height-min-height elementor-section-boxed elementor-section-height-default elementor-section-items-middle\" data-id=\"45c0f61b\" data-element_type=\"section\" data-settings=\"{&quot;jet_parallax_layout_list&quot;:[{&quot;_id&quot;:&quot;5dbf257&quot;,&quot;jet_parallax_layout_speed&quot;:{&quot;unit&quot;:&quot;%&quot;,&quot;size&quot;:&quot;50&quot;,&quot;sizes&quot;:[]},&quot;jet_parallax_layout_bg_x&quot;:&quot;50&quot;,&quot;jet_parallax_layout_bg_y&quot;:&quot;50&quot;,&quot;jet_parallax_layout_image&quot;:{&quot;url&quot;:&quot;&quot;,&quot;id&quot;:&quot;&quot;,&quot;size&quot;:&quot;&quot;},&quot;jet_parallax_layout_image_tablet&quot;:{&quot;url&quot;:&quot;&quot;,&quot;id&quot;:&quot;&quot;,&quot;size&quot;:&quot;&quot;},&quot;jet_parallax_layout_image_mobile&quot;:{&quot;url&quot;:&quot;&quot;,&quot;id&quot;:&quot;&quot;,&quot;size&quot;:&quot;&quot;},&quot;jet_parallax_layout_type&quot;:&quot;scroll&quot;,&quot;jet_parallax_layout_direction&quot;:null,&quot;jet_parallax_layout_fx_direction&quot;:null,&quot;jet_parallax_layout_z_index&quot;:&quot;&quot;,&quot;jet_parallax_layout_bg_x_tablet&quot;:&quot;&quot;,&quot;jet_parallax_layout_bg_x_mobile&quot;:&quot;&quot;,&quot;jet_parallax_layout_bg_y_tablet&quot;:&quot;&quot;,&quot;jet_parallax_layout_bg_y_mobile&quot;:&quot;&quot;,&quot;jet_parallax_layout_bg_size&quot;:&quot;auto&quot;,&quot;jet_parallax_layout_bg_size_tablet&quot;:&quot;&quot;,&quot;jet_parallax_layout_bg_size_mobile&quot;:&quot;&quot;,&quot;jet_parallax_layout_animation_prop&quot;:&quot;transform&quot;,&quot;jet_parallax_layout_on&quot;:[&quot;desktop&quot;,&quot;tablet&quot;]}],&quot;background_background&quot;:&quot;classic&quot;}\">\n\t\t\t\t\t\t\t<div class=\"elementor-background-overlay\"><\/div>\n\t\t\t\t\t\t\t<div class=\"elementor-container elementor-column-gap-default\">\n\t\t\t\t\t<div class=\"elementor-column elementor-col-100 elementor-top-column elementor-element elementor-element-4ee274ed\" data-id=\"4ee274ed\" data-element_type=\"column\">\n\t\t\t<div class=\"elementor-widget-wrap elementor-element-populated\">\n\t\t\t\t\t\t\t\t<div class=\"elementor-element elementor-element-7146e558 elementor-tablet-align-center elementor-align-center elementor-widget elementor-widget-raven-heading\" data-id=\"7146e558\" data-element_type=\"widget\" data-widget_type=\"raven-heading.default\">\n\t\t\t\t<div class=\"elementor-widget-container\">\n\t\t\t\t\t<div class=\"raven-widget-wrapper\"><h1 class=\"raven-heading raven-heading-h1\"><span class=\"raven-heading-title \">Property management <\/span><\/h1><\/div>\n\t\t\t\t<\/div>\n\t\t\t\t<\/div>\n\t\t\t\t\t<\/div>\n\t\t<\/div>\n\t\t\t\t\t\t\t<\/div>\n\t\t<\/section>\n\t\t\t\t<section class=\"elementor-section elementor-top-section elementor-element elementor-element-35e62aa5 elementor-section-boxed elementor-section-height-default elementor-section-height-default\" data-id=\"35e62aa5\" data-element_type=\"section\" data-settings=\"{&quot;jet_parallax_layout_list&quot;:[{&quot;_id&quot;:&quot;4865663&quot;,&quot;jet_parallax_layout_image&quot;:{&quot;url&quot;:&quot;&quot;,&quot;id&quot;:&quot;&quot;,&quot;size&quot;:&quot;&quot;},&quot;jet_parallax_layout_image_tablet&quot;:{&quot;url&quot;:&quot;&quot;,&quot;id&quot;:&quot;&quot;,&quot;size&quot;:&quot;&quot;},&quot;jet_parallax_layout_image_mobile&quot;:{&quot;url&quot;:&quot;&quot;,&quot;id&quot;:&quot;&quot;,&quot;size&quot;:&quot;&quot;},&quot;jet_parallax_layout_speed&quot;:{&quot;unit&quot;:&quot;%&quot;,&quot;size&quot;:50,&quot;sizes&quot;:[]},&quot;jet_parallax_layout_type&quot;:&quot;scroll&quot;,&quot;jet_parallax_layout_direction&quot;:null,&quot;jet_parallax_layout_fx_direction&quot;:null,&quot;jet_parallax_layout_z_index&quot;:&quot;&quot;,&quot;jet_parallax_layout_bg_x&quot;:50,&quot;jet_parallax_layout_bg_x_tablet&quot;:&quot;&quot;,&quot;jet_parallax_layout_bg_x_mobile&quot;:&quot;&quot;,&quot;jet_parallax_layout_bg_y&quot;:50,&quot;jet_parallax_layout_bg_y_tablet&quot;:&quot;&quot;,&quot;jet_parallax_layout_bg_y_mobile&quot;:&quot;&quot;,&quot;jet_parallax_layout_bg_size&quot;:&quot;auto&quot;,&quot;jet_parallax_layout_bg_size_tablet&quot;:&quot;&quot;,&quot;jet_parallax_layout_bg_size_mobile&quot;:&quot;&quot;,&quot;jet_parallax_layout_animation_prop&quot;:&quot;transform&quot;,&quot;jet_parallax_layout_on&quot;:[&quot;desktop&quot;,&quot;tablet&quot;]}],&quot;background_background&quot;:&quot;classic&quot;}\">\n\t\t\t\t\t\t\t<div class=\"elementor-background-overlay\"><\/div>\n\t\t\t\t\t\t\t<div class=\"elementor-container elementor-column-gap-extended\">\n\t\t\t\t\t<div class=\"elementor-column elementor-col-50 elementor-top-column elementor-element elementor-element-26eeb37c\" data-id=\"26eeb37c\" data-element_type=\"column\">\n\t\t\t<div class=\"elementor-widget-wrap elementor-element-populated\">\n\t\t\t\t\t\t\t\t<section class=\"elementor-section elementor-inner-section elementor-element elementor-element-16ca5600 elementor-section-boxed elementor-section-height-default elementor-section-height-default\" data-id=\"16ca5600\" data-element_type=\"section\" data-settings=\"{&quot;jet_parallax_layout_list&quot;:[]}\">\n\t\t\t\t\t\t<div class=\"elementor-container elementor-column-gap-default\">\n\t\t\t\t\t<div class=\"elementor-column elementor-col-100 elementor-inner-column elementor-element elementor-element-746ae188\" data-id=\"746ae188\" data-element_type=\"column\" data-settings=\"{&quot;background_background&quot;:&quot;classic&quot;}\">\n\t\t\t<div class=\"elementor-widget-wrap elementor-element-populated\">\n\t\t\t\t\t\t\t\t<div class=\"elementor-element elementor-element-6bf6d763 elementor-widget elementor-widget-image\" data-id=\"6bf6d763\" data-element_type=\"widget\" data-widget_type=\"image.default\">\n\t\t\t\t<div class=\"elementor-widget-container\">\n\t\t\t<style>\/*! elementor - v3.18.0 - 20-12-2023 *\/\n.elementor-widget-image{text-align:center}.elementor-widget-image a{display:inline-block}.elementor-widget-image a img[src$=\".svg\"]{width:48px}.elementor-widget-image img{vertical-align:middle;display:inline-block}<\/style>\t\t\t\t\t\t\t\t\t\t\t\t<img fetchpriority=\"high\" decoding=\"async\" width=\"2683\" height=\"1080\" src=\"https:\/\/lagencemx.com\/wp-content\/uploads\/2023\/01\/lagence-logo.png\" class=\"attachment-full size-full wp-image-5542\" alt=\"\" srcset=\"\/\/lagencemx.com\/wp-content\/uploads\/2023\/01\/lagence-logo.png 2683w, \/\/lagencemx.com\/wp-content\/uploads\/2023\/01\/lagence-logo-300x121.png 300w, \/\/lagencemx.com\/wp-content\/uploads\/2023\/01\/lagence-logo-1024x412.png 1024w, \/\/lagencemx.com\/wp-content\/uploads\/2023\/01\/lagence-logo-768x309.png 768w, \/\/lagencemx.com\/wp-content\/uploads\/2023\/01\/lagence-logo-1536x618.png 1536w, \/\/lagencemx.com\/wp-content\/uploads\/2023\/01\/lagence-logo-2048x824.png 2048w, \/\/lagencemx.com\/wp-content\/uploads\/2023\/01\/lagence-logo-18x7.png 18w\" sizes=\"(max-width: 2683px) 100vw, 2683px\" \/>\t\t\t\t\t\t\t\t\t\t\t\t\t\t\t<\/div>\n\t\t\t\t<\/div>\n\t\t\t\t\t<\/div>\n\t\t<\/div>\n\t\t\t\t\t\t\t<\/div>\n\t\t<\/section>\n\t\t\t\t\t<\/div>\n\t\t<\/div>\n\t\t\t\t<div class=\"elementor-column elementor-col-50 elementor-top-column elementor-element elementor-element-2c5e9583\" data-id=\"2c5e9583\" data-element_type=\"column\">\n\t\t\t<div class=\"elementor-widget-wrap elementor-element-populated\">\n\t\t\t\t\t\t\t\t<div class=\"elementor-element elementor-element-392ff711 elementor-widget elementor-widget-text-editor\" data-id=\"392ff711\" data-element_type=\"widget\" data-widget_type=\"text-editor.default\">\n\t\t\t\t<div class=\"elementor-widget-container\">\n\t\t\t<style>\/*! elementor - v3.18.0 - 20-12-2023 *\/\n.elementor-widget-text-editor.elementor-drop-cap-view-stacked .elementor-drop-cap{background-color:#69727d;color:#fff}.elementor-widget-text-editor.elementor-drop-cap-view-framed .elementor-drop-cap{color:#69727d;border:3px solid;background-color:transparent}.elementor-widget-text-editor:not(.elementor-drop-cap-view-default) .elementor-drop-cap{margin-top:8px}.elementor-widget-text-editor:not(.elementor-drop-cap-view-default) .elementor-drop-cap-letter{width:1em;height:1em}.elementor-widget-text-editor .elementor-drop-cap{float:left;text-align:center;line-height:1;font-size:50px}.elementor-widget-text-editor .elementor-drop-cap-letter{display:inline-block}<\/style>\t\t\t\t<p>Para que tu propiedad tenga la mejor rentabilidad:<\/p>\t\t\t\t\t\t<\/div>\n\t\t\t\t<\/div>\n\t\t\t\t<div class=\"elementor-element elementor-element-1efd4796 elementor-widget elementor-widget-text-editor\" data-id=\"1efd4796\" data-element_type=\"widget\" data-widget_type=\"text-editor.default\">\n\t\t\t\t<div class=\"elementor-widget-container\">\n\t\t\t\t\t\t\t<p>Como complemento de servicio de agencia inmobiliaria cl\u00e1sica (b\u00fasqueda y promoci\u00f3n de propiedades y desarrollos inmobiliarios) L&#8217;agence cuenta con un servicio de administraci\u00f3n de propiedades, gestionado por nuestros expertos con a\u00f1os de experiencia viviendo en la Riviera Maya. El prop\u00f3sito es que nuestros clientes y sus futuros clientes tengan la mayor satisfacci\u00f3n y disfruten de la mejor manera el paradis\u00edaco Caribe Mexicano.<\/p>\t\t\t\t\t\t<\/div>\n\t\t\t\t<\/div>\n\t\t\t\t<div class=\"elementor-element elementor-element-7ea7da1c elementor-widget elementor-widget-text-editor\" data-id=\"7ea7da1c\" data-element_type=\"widget\" data-widget_type=\"text-editor.default\">\n\t\t\t\t<div class=\"elementor-widget-container\">\n\t\t\t\t\t\t\t<p>Ofrecemos este servicio en el \u00e1rea de Playa del Carmen, adaptable a las necesidades de los clientes. Nos encargamos de que sus propiedades&nbsp; tengan todo lo necesario para poderse rentar de la manera m\u00e1s optima, desde fotograf\u00edas profesionales hasta optimizaci\u00f3n de anuncios en las distintas plataformas de renta vacacional presentes en el mercado. La gesti\u00f3n de la propiedad incluye el check in\/out, limpieza, mantenimiento, dejando el cliente encargarse de la simple tarea de recibir ganancias y de ver los resultados de su anuncio.<\/p>\t\t\t\t\t\t<\/div>\n\t\t\t\t<\/div>\n\t\t\t\t\t<\/div>\n\t\t<\/div>\n\t\t\t\t\t\t\t<\/div>\n\t\t<\/section>\n\t\t\t\t<section class=\"elementor-section elementor-top-section elementor-element elementor-element-dbbb2bb elementor-section-height-min-height elementor-section-boxed elementor-section-height-default elementor-section-items-middle\" data-id=\"dbbb2bb\" data-element_type=\"section\" data-settings=\"{&quot;jet_parallax_layout_list&quot;:[{&quot;_id&quot;:&quot;4398e98&quot;,&quot;jet_parallax_layout_speed&quot;:{&quot;unit&quot;:&quot;%&quot;,&quot;size&quot;:&quot;50&quot;,&quot;sizes&quot;:[]},&quot;jet_parallax_layout_bg_x&quot;:&quot;50&quot;,&quot;jet_parallax_layout_bg_y&quot;:&quot;50&quot;,&quot;jet_parallax_layout_image&quot;:{&quot;url&quot;:&quot;&quot;,&quot;id&quot;:&quot;&quot;,&quot;size&quot;:&quot;&quot;},&quot;jet_parallax_layout_image_tablet&quot;:{&quot;url&quot;:&quot;&quot;,&quot;id&quot;:&quot;&quot;,&quot;size&quot;:&quot;&quot;},&quot;jet_parallax_layout_image_mobile&quot;:{&quot;url&quot;:&quot;&quot;,&quot;id&quot;:&quot;&quot;,&quot;size&quot;:&quot;&quot;},&quot;jet_parallax_layout_type&quot;:&quot;scroll&quot;,&quot;jet_parallax_layout_direction&quot;:null,&quot;jet_parallax_layout_fx_direction&quot;:null,&quot;jet_parallax_layout_z_index&quot;:&quot;&quot;,&quot;jet_parallax_layout_bg_x_tablet&quot;:&quot;&quot;,&quot;jet_parallax_layout_bg_x_mobile&quot;:&quot;&quot;,&quot;jet_parallax_layout_bg_y_tablet&quot;:&quot;&quot;,&quot;jet_parallax_layout_bg_y_mobile&quot;:&quot;&quot;,&quot;jet_parallax_layout_bg_size&quot;:&quot;auto&quot;,&quot;jet_parallax_layout_bg_size_tablet&quot;:&quot;&quot;,&quot;jet_parallax_layout_bg_size_mobile&quot;:&quot;&quot;,&quot;jet_parallax_layout_animation_prop&quot;:&quot;transform&quot;,&quot;jet_parallax_layout_on&quot;:[&quot;desktop&quot;,&quot;tablet&quot;]}],&quot;background_background&quot;:&quot;classic&quot;}\">\n\t\t\t\t\t\t\t<div class=\"elementor-background-overlay\"><\/div>\n\t\t\t\t\t\t\t<div class=\"elementor-container elementor-column-gap-default\">\n\t\t\t\t\t<div class=\"elementor-column elementor-col-100 elementor-top-column elementor-element elementor-element-121d0f97\" data-id=\"121d0f97\" data-element_type=\"column\">\n\t\t\t<div class=\"elementor-widget-wrap elementor-element-populated\">\n\t\t\t\t\t\t\t\t<div class=\"elementor-element elementor-element-11a57e9d elementor-widget elementor-widget-text-editor\" data-id=\"11a57e9d\" data-element_type=\"widget\" data-widget_type=\"text-editor.default\">\n\t\t\t\t<div class=\"elementor-widget-container\">\n\t\t\t\t\t\t\t<p><span style=\"font-weight: 400;\">Cont\u00e1ctanos<\/span><\/p>\t\t\t\t\t\t<\/div>\n\t\t\t\t<\/div>\n\t\t\t\t<div class=\"elementor-element elementor-element-31f777d7 elementor-widget elementor-widget-text-editor\" data-id=\"31f777d7\" data-element_type=\"widget\" data-widget_type=\"text-editor.default\">\n\t\t\t\t<div class=\"elementor-widget-container\">\n\t\t\t\t\t\t\t<p><span style=\"font-weight: 400;\">Deja tus datos para que podamos asesorarte en la inversi\u00f3n m\u00e1s importante de tu vida y puedas adquirir la propiedad que se adecue a lo que est\u00e1s buscando en la Riviera maya.<\/span><\/p>\t\t\t\t\t\t<\/div>\n\t\t\t\t<\/div>\n\t\t\t\t\t<\/div>\n\t\t<\/div>\n\t\t\t\t\t\t\t<\/div>\n\t\t<\/section>\n\t\t\t\t<section class=\"elementor-section elementor-top-section elementor-element elementor-element-171713e9 elementor-section-full_width elementor-section-height-default elementor-section-height-default\" data-id=\"171713e9\" data-element_type=\"section\" data-settings=\"{&quot;jet_parallax_layout_list&quot;:[{&quot;_id&quot;:&quot;8063410&quot;,&quot;jet_parallax_layout_speed&quot;:{&quot;unit&quot;:&quot;%&quot;,&quot;size&quot;:&quot;50&quot;,&quot;sizes&quot;:[]},&quot;jet_parallax_layout_bg_x&quot;:&quot;50&quot;,&quot;jet_parallax_layout_bg_y&quot;:&quot;50&quot;,&quot;jet_parallax_layout_image&quot;:{&quot;url&quot;:&quot;&quot;,&quot;id&quot;:&quot;&quot;,&quot;size&quot;:&quot;&quot;},&quot;jet_parallax_layout_image_tablet&quot;:{&quot;url&quot;:&quot;&quot;,&quot;id&quot;:&quot;&quot;,&quot;size&quot;:&quot;&quot;},&quot;jet_parallax_layout_image_mobile&quot;:{&quot;url&quot;:&quot;&quot;,&quot;id&quot;:&quot;&quot;,&quot;size&quot;:&quot;&quot;},&quot;jet_parallax_layout_type&quot;:&quot;scroll&quot;,&quot;jet_parallax_layout_direction&quot;:null,&quot;jet_parallax_layout_fx_direction&quot;:null,&quot;jet_parallax_layout_z_index&quot;:&quot;&quot;,&quot;jet_parallax_layout_bg_x_tablet&quot;:&quot;&quot;,&quot;jet_parallax_layout_bg_x_mobile&quot;:&quot;&quot;,&quot;jet_parallax_layout_bg_y_tablet&quot;:&quot;&quot;,&quot;jet_parallax_layout_bg_y_mobile&quot;:&quot;&quot;,&quot;jet_parallax_layout_bg_size&quot;:&quot;auto&quot;,&quot;jet_parallax_layout_bg_size_tablet&quot;:&quot;&quot;,&quot;jet_parallax_layout_bg_size_mobile&quot;:&quot;&quot;,&quot;jet_parallax_layout_animation_prop&quot;:&quot;transform&quot;,&quot;jet_parallax_layout_on&quot;:[&quot;desktop&quot;,&quot;tablet&quot;]}]}\">\n\t\t\t\t\t\t<div class=\"elementor-container elementor-column-gap-default\">\n\t\t\t\t\t<div class=\"elementor-column elementor-col-100 elementor-top-column elementor-element elementor-element-3789f331\" data-id=\"3789f331\" data-element_type=\"column\" data-settings=\"{&quot;background_background&quot;:&quot;classic&quot;}\">\n\t\t\t<div class=\"elementor-widget-wrap elementor-element-populated\">\n\t\t\t\t\t\t\t\t<div class=\"elementor-element elementor-element-6000e75a elementor-align-center elementor-widget elementor-widget-raven-heading\" data-id=\"6000e75a\" data-element_type=\"widget\" data-widget_type=\"raven-heading.default\">\n\t\t\t\t<div class=\"elementor-widget-container\">\n\t\t\t\t\t<div class=\"raven-widget-wrapper\"><h3 class=\"raven-heading raven-heading-h3\"><span class=\"raven-heading-title \">D\u00e9janos tus datos<\/span><\/h3><\/div>\n\t\t\t\t<\/div>\n\t\t\t\t<\/div>\n\t\t\t\t<div class=\"elementor-element elementor-element-0ddee5e elementor-widget elementor-widget-shortcode\" data-id=\"0ddee5e\" data-element_type=\"widget\" data-widget_type=\"shortcode.default\">\n\t\t\t\t<div class=\"elementor-widget-container\">\n\t\t\t\t\t<div class=\"elementor-shortcode\"><iframe style=\"min-height:800px;\" id=\"miiframe\" src=\"\" frameborder=\"0\" sandbox=\"allow-top-navigation allow-forms allow-scripts allow-popups\" allowfullscreen><\/iframe>\n<script type=\"text\/javascript\">\n    var iframe = jQuery('body').find('#miiframe'),\n        url=window.location.href,\n        es = \"50e55cde689b4671e6250c471a688246\",\n        en = \"hd5069de689b4671e6250c471a688246\",\n        fr = \"zz5496de689b4671e6250c471a688246\";\n    iframe.attr('src','https:\/\/crm.lagencemx.com\/assets\/webform.php?url='+url+'&es='+es+'&en='+en+'&fr='+fr);\n  <\/script><\/div>\n\t\t\t\t<\/div>\n\t\t\t\t<\/div>\n\t\t\t\t\t<\/div>\n\t\t<\/div>\n\t\t\t\t\t\t\t<\/div>\n\t\t<\/section>\n\t\t\t\t\t\t\t<\/div>\n\t\t","protected":false},"excerpt":{"rendered":"<p>Property management Para que tu propiedad tenga la mejor rentabilidad: Como complemento de servicio de agencia inmobiliaria cl\u00e1sica (b\u00fasqueda y promoci\u00f3n de propiedades y desarrollos inmobiliarios) L&#8217;agence cuenta con un servicio de administraci\u00f3n de propiedades, gestionado por nuestros expertos con a\u00f1os de experiencia viviendo en la Riviera Maya. El prop\u00f3sito es que nuestros clientes y [&hellip;]<\/p>\n","protected":false},"author":26,"featured_media":0,"parent":0,"menu_order":0,"comment_status":"closed","ping_status":"closed","template":"elementor_header_footer","meta":{"footnotes":""},"class_list":["post-2516","page","type-page","status-publish","hentry"],"acf":[],"yoast_head":"<!-- This site is optimized with the Yoast SEO plugin v21.7 - https:\/\/yoast.com\/wordpress\/plugins\/seo\/ -->\n<title>Property Management - L&#039;agence by Los Socios<\/title>\n<meta name=\"robots\" content=\"index, follow, max-snippet:-1, max-image-preview:large, max-video-preview:-1\" \/>\n<link rel=\"canonical\" href=\"https:\/\/lagencemx.com\/es\/property-management\/\" \/>\n<meta property=\"og:locale\" content=\"es_ES\" \/>\n<meta property=\"og:type\" content=\"article\" \/>\n<meta property=\"og:title\" content=\"Property Management - L&#039;agence by Los Socios\" \/>\n<meta property=\"og:description\" content=\"Property management Para que tu propiedad tenga la mejor rentabilidad: Como complemento de servicio de agencia inmobiliaria cl\u00e1sica (b\u00fasqueda y promoci\u00f3n de propiedades y desarrollos inmobiliarios) L&#8217;agence cuenta con un servicio de administraci\u00f3n de propiedades, gestionado por nuestros expertos con a\u00f1os de experiencia viviendo en la Riviera Maya. El prop\u00f3sito es que nuestros clientes y [&hellip;]\" \/>\n<meta property=\"og:url\" content=\"https:\/\/lagencemx.com\/es\/property-management\/\" \/>\n<meta property=\"og:site_name\" content=\"L&#039;agence by Los Socios\" \/>\n<meta property=\"article:publisher\" content=\"https:\/\/www.facebook.com\/lagencebylossocios\/\" \/>\n<meta property=\"article:modified_time\" content=\"2026-04-08T21:45:26+00:00\" \/>\n<meta property=\"og:image\" content=\"https:\/\/lagencemx.com\/wp-content\/uploads\/2023\/01\/lagence-logo.png\" \/>\n<meta name=\"twitter:card\" content=\"summary_large_image\" \/>\n<meta name=\"twitter:label1\" content=\"Tiempo de lectura\" \/>\n\t<meta name=\"twitter:data1\" content=\"2 minutos\" \/>\n<script type=\"application\/ld+json\" class=\"yoast-schema-graph\">{\"@context\":\"https:\/\/schema.org\",\"@graph\":[{\"@type\":\"WebPage\",\"@id\":\"https:\/\/lagencemx.com\/property-management\/\",\"url\":\"https:\/\/lagencemx.com\/property-management\/\",\"name\":\"Property Management - L&#039;agence by Los Socios\",\"isPartOf\":{\"@id\":\"https:\/\/lagencemx.com\/#website\"},\"datePublished\":\"2022-10-15T21:38:20+00:00\",\"dateModified\":\"2026-04-08T21:45:26+00:00\",\"breadcrumb\":{\"@id\":\"https:\/\/lagencemx.com\/property-management\/#breadcrumb\"},\"inLanguage\":\"es\",\"potentialAction\":[{\"@type\":\"ReadAction\",\"target\":[\"https:\/\/lagencemx.com\/property-management\/\"]}]},{\"@type\":\"BreadcrumbList\",\"@id\":\"https:\/\/lagencemx.com\/property-management\/#breadcrumb\",\"itemListElement\":[{\"@type\":\"ListItem\",\"position\":1,\"name\":\"Portada\",\"item\":\"https:\/\/lagencemx.com\/es\/\"},{\"@type\":\"ListItem\",\"position\":2,\"name\":\"Property Management\"}]},{\"@type\":\"WebSite\",\"@id\":\"https:\/\/lagencemx.com\/#website\",\"url\":\"https:\/\/lagencemx.com\/\",\"name\":\"L'agence by Los Socios\",\"description\":\"Bienes Ra\u00edces de Lujo en la Riviera Maya\",\"publisher\":{\"@id\":\"https:\/\/lagencemx.com\/#organization\"},\"potentialAction\":[{\"@type\":\"SearchAction\",\"target\":{\"@type\":\"EntryPoint\",\"urlTemplate\":\"https:\/\/lagencemx.com\/?s={search_term_string}\"},\"query-input\":\"required name=search_term_string\"}],\"inLanguage\":\"es\"},{\"@type\":[\"Organization\",\"RealEstateAgent\"],\"@id\":\"https:\/\/lagencemx.com\/#organization\",\"name\":\"L'agence by Los Socios\",\"alternateName\":\"L'agence\",\"url\":\"https:\/\/lagencemx.com\/\",\"logo\":{\"@type\":\"ImageObject\",\"inLanguage\":\"es\",\"@id\":\"https:\/\/lagencemx.com\/#\/schema\/logo\/image\/\",\"url\":\"https:\/\/lagencemx.com\/wp-content\/uploads\/2023\/04\/l-agence-by-los-socios.jpg\",\"contentUrl\":\"https:\/\/lagencemx.com\/wp-content\/uploads\/2023\/04\/l-agence-by-los-socios.jpg\",\"width\":792,\"height\":612,\"caption\":\"L'agence by Los Socios\"},\"image\":{\"@id\":\"https:\/\/lagencemx.com\/#\/schema\/logo\/image\/\"},\"sameAs\":[\"https:\/\/www.facebook.com\/lagencebylossocios\/\",\"https:\/\/www.instagram.com\/lagence_mx\/\",\"https:\/\/www.instagram.com\/lossocios_lifestyle\/\"],\"address\":{\"@type\":\"PostalAddress\",\"addressLocality\":\"Playa del Carmen\",\"addressRegion\":\"Quintana Roo\",\"addressCountry\":\"MX\"},\"telephone\":\"+52-984-XXX-XXXX\",\"areaServed\":{\"@type\":\"GeoCircle\",\"geoMidpoint\":{\"@type\":\"GeoCoordinates\",\"latitude\":20.6296,\"longitude\":-87.0739},\"geoRadius\":\"100000\"}}]}<\/script>\n<!-- \/ Yoast SEO plugin. -->","yoast_head_json":{"title":"Property Management - L&#039;agence by Los Socios","robots":{"index":"index","follow":"follow","max-snippet":"max-snippet:-1","max-image-preview":"max-image-preview:large","max-video-preview":"max-video-preview:-1"},"canonical":"https:\/\/lagencemx.com\/es\/property-management\/","og_locale":"es_ES","og_type":"article","og_title":"Property Management - L&#039;agence by Los Socios","og_description":"Property management Para que tu propiedad tenga la mejor rentabilidad: Como complemento de servicio de agencia inmobiliaria cl\u00e1sica (b\u00fasqueda y promoci\u00f3n de propiedades y desarrollos inmobiliarios) L&#8217;agence cuenta con un servicio de administraci\u00f3n de propiedades, gestionado por nuestros expertos con a\u00f1os de experiencia viviendo en la Riviera Maya. El prop\u00f3sito es que nuestros clientes y [&hellip;]","og_url":"https:\/\/lagencemx.com\/es\/property-management\/","og_site_name":"L&#039;agence by Los Socios","article_publisher":"https:\/\/www.facebook.com\/lagencebylossocios\/","article_modified_time":"2026-04-08T21:45:26+00:00","og_image":[{"url":"https:\/\/lagencemx.com\/wp-content\/uploads\/2023\/01\/lagence-logo.png"}],"twitter_card":"summary_large_image","twitter_misc":{"Tiempo de lectura":"2 minutos"},"schema":{"@context":"https:\/\/schema.org","@graph":[{"@type":"WebPage","@id":"https:\/\/lagencemx.com\/property-management\/","url":"https:\/\/lagencemx.com\/property-management\/","name":"Property Management - L&#039;agence by Los Socios","isPartOf":{"@id":"https:\/\/lagencemx.com\/#website"},"datePublished":"2022-10-15T21:38:20+00:00","dateModified":"2026-04-08T21:45:26+00:00","breadcrumb":{"@id":"https:\/\/lagencemx.com\/property-management\/#breadcrumb"},"inLanguage":"es","potentialAction":[{"@type":"ReadAction","target":["https:\/\/lagencemx.com\/property-management\/"]}]},{"@type":"BreadcrumbList","@id":"https:\/\/lagencemx.com\/property-management\/#breadcrumb","itemListElement":[{"@type":"ListItem","position":1,"name":"Portada","item":"https:\/\/lagencemx.com\/es\/"},{"@type":"ListItem","position":2,"name":"Property Management"}]},{"@type":"WebSite","@id":"https:\/\/lagencemx.com\/#website","url":"https:\/\/lagencemx.com\/","name":"L'agence by Los Socios","description":"Bienes Ra\u00edces de Lujo en la Riviera Maya","publisher":{"@id":"https:\/\/lagencemx.com\/#organization"},"potentialAction":[{"@type":"SearchAction","target":{"@type":"EntryPoint","urlTemplate":"https:\/\/lagencemx.com\/?s={search_term_string}"},"query-input":"required name=search_term_string"}],"inLanguage":"es"},{"@type":["Organization","RealEstateAgent"],"@id":"https:\/\/lagencemx.com\/#organization","name":"L'agence by Los Socios","alternateName":"L'agence","url":"https:\/\/lagencemx.com\/","logo":{"@type":"ImageObject","inLanguage":"es","@id":"https:\/\/lagencemx.com\/#\/schema\/logo\/image\/","url":"https:\/\/lagencemx.com\/wp-content\/uploads\/2023\/04\/l-agence-by-los-socios.jpg","contentUrl":"https:\/\/lagencemx.com\/wp-content\/uploads\/2023\/04\/l-agence-by-los-socios.jpg","width":792,"height":612,"caption":"L'agence by Los Socios"},"image":{"@id":"https:\/\/lagencemx.com\/#\/schema\/logo\/image\/"},"sameAs":["https:\/\/www.facebook.com\/lagencebylossocios\/","https:\/\/www.instagram.com\/lagence_mx\/","https:\/\/www.instagram.com\/lossocios_lifestyle\/"],"address":{"@type":"PostalAddress","addressLocality":"Playa del Carmen","addressRegion":"Quintana Roo","addressCountry":"MX"},"telephone":"+52-984-XXX-XXXX","areaServed":{"@type":"GeoCircle","geoMidpoint":{"@type":"GeoCoordinates","latitude":20.6296,"longitude":-87.0739},"geoRadius":"100000"}}]}},"_links":{"self":[{"href":"https:\/\/lagencemx.com\/es\/wp-json\/wp\/v2\/pages\/2516","targetHints":{"allow":["GET"]}}],"collection":[{"href":"https:\/\/lagencemx.com\/es\/wp-json\/wp\/v2\/pages"}],"about":[{"href":"https:\/\/lagencemx.com\/es\/wp-json\/wp\/v2\/types\/page"}],"author":[{"embeddable":true,"href":"https:\/\/lagencemx.com\/es\/wp-json\/wp\/v2\/users\/26"}],"replies":[{"embeddable":true,"href":"https:\/\/lagencemx.com\/es\/wp-json\/wp\/v2\/comments?post=2516"}],"version-history":[{"count":9,"href":"https:\/\/lagencemx.com\/es\/wp-json\/wp\/v2\/pages\/2516\/revisions"}],"predecessor-version":[{"id":14930,"href":"https:\/\/lagencemx.com\/es\/wp-json\/wp\/v2\/pages\/2516\/revisions\/14930"}],"wp:attachment":[{"href":"https:\/\/lagencemx.com\/es\/wp-json\/wp\/v2\/media?parent=2516"}],"curies":[{"name":"wp","href":"https:\/\/api.w.org\/{rel}","templated":true}]}}