{"id":2498,"date":"2022-10-15T16:20:25","date_gmt":"2022-10-15T21:20:25","guid":{"rendered":"https:\/\/lagencemx.com\/?page_id=2498"},"modified":"2024-05-20T13:22:35","modified_gmt":"2024-05-20T19:22:35","slug":"interior-design","status":"publish","type":"page","link":"https:\/\/lagencemx.com\/es\/interior-design\/","title":{"rendered":"Interior Design"},"content":{"rendered":"\t\t<div data-elementor-type=\"wp-page\" data-elementor-id=\"2498\" class=\"elementor elementor-2498\" data-elementor-post-type=\"page\">\n\t\t\t\t\t\t\t\t\t<section class=\"elementor-section elementor-top-section elementor-element elementor-element-2fd8b0a6 elementor-section-height-min-height elementor-section-boxed elementor-section-height-default elementor-section-items-middle\" data-id=\"2fd8b0a6\" data-element_type=\"section\" data-settings=\"{&quot;jet_parallax_layout_list&quot;:[{&quot;_id&quot;:&quot;5dbf257&quot;,&quot;jet_parallax_layout_speed&quot;:{&quot;unit&quot;:&quot;%&quot;,&quot;size&quot;:&quot;50&quot;,&quot;sizes&quot;:[]},&quot;jet_parallax_layout_bg_x&quot;:&quot;50&quot;,&quot;jet_parallax_layout_bg_y&quot;:&quot;50&quot;,&quot;jet_parallax_layout_image&quot;:{&quot;url&quot;:&quot;&quot;,&quot;id&quot;:&quot;&quot;,&quot;size&quot;:&quot;&quot;},&quot;jet_parallax_layout_image_tablet&quot;:{&quot;url&quot;:&quot;&quot;,&quot;id&quot;:&quot;&quot;,&quot;size&quot;:&quot;&quot;},&quot;jet_parallax_layout_image_mobile&quot;:{&quot;url&quot;:&quot;&quot;,&quot;id&quot;:&quot;&quot;,&quot;size&quot;:&quot;&quot;},&quot;jet_parallax_layout_type&quot;:&quot;scroll&quot;,&quot;jet_parallax_layout_direction&quot;:null,&quot;jet_parallax_layout_fx_direction&quot;:null,&quot;jet_parallax_layout_z_index&quot;:&quot;&quot;,&quot;jet_parallax_layout_bg_x_tablet&quot;:&quot;&quot;,&quot;jet_parallax_layout_bg_x_mobile&quot;:&quot;&quot;,&quot;jet_parallax_layout_bg_y_tablet&quot;:&quot;&quot;,&quot;jet_parallax_layout_bg_y_mobile&quot;:&quot;&quot;,&quot;jet_parallax_layout_bg_size&quot;:&quot;auto&quot;,&quot;jet_parallax_layout_bg_size_tablet&quot;:&quot;&quot;,&quot;jet_parallax_layout_bg_size_mobile&quot;:&quot;&quot;,&quot;jet_parallax_layout_animation_prop&quot;:&quot;transform&quot;,&quot;jet_parallax_layout_on&quot;:[&quot;desktop&quot;,&quot;tablet&quot;]}],&quot;background_background&quot;:&quot;classic&quot;}\">\n\t\t\t\t\t\t\t<div class=\"elementor-background-overlay\"><\/div>\n\t\t\t\t\t\t\t<div class=\"elementor-container elementor-column-gap-default\">\n\t\t\t\t\t<div class=\"elementor-column elementor-col-100 elementor-top-column elementor-element elementor-element-12b4dc2c\" data-id=\"12b4dc2c\" data-element_type=\"column\">\n\t\t\t<div class=\"elementor-widget-wrap elementor-element-populated\">\n\t\t\t\t\t\t\t\t<div class=\"elementor-element elementor-element-1db705f6 elementor-tablet-align-center elementor-align-center elementor-widget elementor-widget-raven-heading\" data-id=\"1db705f6\" data-element_type=\"widget\" data-widget_type=\"raven-heading.default\">\n\t\t\t\t<div class=\"elementor-widget-container\">\n\t\t\t\t\t<div class=\"raven-widget-wrapper\"><h1 class=\"raven-heading raven-heading-h1\"><span class=\"raven-heading-title \">Interior design<\/span><\/h1><\/div>\n\t\t\t\t<\/div>\n\t\t\t\t<\/div>\n\t\t\t\t\t<\/div>\n\t\t<\/div>\n\t\t\t\t\t\t\t<\/div>\n\t\t<\/section>\n\t\t\t\t<section class=\"elementor-section elementor-top-section elementor-element elementor-element-49af6758 elementor-section-boxed elementor-section-height-default elementor-section-height-default\" data-id=\"49af6758\" data-element_type=\"section\" data-settings=\"{&quot;jet_parallax_layout_list&quot;:[{&quot;_id&quot;:&quot;4865663&quot;,&quot;jet_parallax_layout_image&quot;:{&quot;url&quot;:&quot;&quot;,&quot;id&quot;:&quot;&quot;,&quot;size&quot;:&quot;&quot;},&quot;jet_parallax_layout_image_tablet&quot;:{&quot;url&quot;:&quot;&quot;,&quot;id&quot;:&quot;&quot;,&quot;size&quot;:&quot;&quot;},&quot;jet_parallax_layout_image_mobile&quot;:{&quot;url&quot;:&quot;&quot;,&quot;id&quot;:&quot;&quot;,&quot;size&quot;:&quot;&quot;},&quot;jet_parallax_layout_speed&quot;:{&quot;unit&quot;:&quot;%&quot;,&quot;size&quot;:50,&quot;sizes&quot;:[]},&quot;jet_parallax_layout_type&quot;:&quot;scroll&quot;,&quot;jet_parallax_layout_direction&quot;:null,&quot;jet_parallax_layout_fx_direction&quot;:null,&quot;jet_parallax_layout_z_index&quot;:&quot;&quot;,&quot;jet_parallax_layout_bg_x&quot;:50,&quot;jet_parallax_layout_bg_x_tablet&quot;:&quot;&quot;,&quot;jet_parallax_layout_bg_x_mobile&quot;:&quot;&quot;,&quot;jet_parallax_layout_bg_y&quot;:50,&quot;jet_parallax_layout_bg_y_tablet&quot;:&quot;&quot;,&quot;jet_parallax_layout_bg_y_mobile&quot;:&quot;&quot;,&quot;jet_parallax_layout_bg_size&quot;:&quot;auto&quot;,&quot;jet_parallax_layout_bg_size_tablet&quot;:&quot;&quot;,&quot;jet_parallax_layout_bg_size_mobile&quot;:&quot;&quot;,&quot;jet_parallax_layout_animation_prop&quot;:&quot;transform&quot;,&quot;jet_parallax_layout_on&quot;:[&quot;desktop&quot;,&quot;tablet&quot;]}],&quot;background_background&quot;:&quot;classic&quot;}\">\n\t\t\t\t\t\t\t<div class=\"elementor-background-overlay\"><\/div>\n\t\t\t\t\t\t\t<div class=\"elementor-container elementor-column-gap-extended\">\n\t\t\t\t\t<div class=\"elementor-column elementor-col-50 elementor-top-column elementor-element elementor-element-5a1b72fd\" data-id=\"5a1b72fd\" data-element_type=\"column\">\n\t\t\t<div class=\"elementor-widget-wrap elementor-element-populated\">\n\t\t\t\t\t\t\t\t<section class=\"elementor-section elementor-inner-section elementor-element elementor-element-72aebfd0 elementor-section-boxed elementor-section-height-default elementor-section-height-default\" data-id=\"72aebfd0\" data-element_type=\"section\" data-settings=\"{&quot;jet_parallax_layout_list&quot;:[]}\">\n\t\t\t\t\t\t<div class=\"elementor-container elementor-column-gap-default\">\n\t\t\t\t\t<div class=\"elementor-column elementor-col-100 elementor-inner-column elementor-element elementor-element-7b03d59c\" data-id=\"7b03d59c\" data-element_type=\"column\" data-settings=\"{&quot;background_background&quot;:&quot;classic&quot;}\">\n\t\t\t<div class=\"elementor-widget-wrap elementor-element-populated\">\n\t\t\t\t\t\t\t\t<div class=\"elementor-element elementor-element-a13d83e elementor-widget elementor-widget-image\" data-id=\"a13d83e\" data-element_type=\"widget\" data-widget_type=\"image.default\">\n\t\t\t\t<div class=\"elementor-widget-container\">\n\t\t\t<style>\/*! elementor - v3.18.0 - 20-12-2023 *\/\n.elementor-widget-image{text-align:center}.elementor-widget-image a{display:inline-block}.elementor-widget-image a img[src$=\".svg\"]{width:48px}.elementor-widget-image img{vertical-align:middle;display:inline-block}<\/style>\t\t\t\t\t\t\t\t\t\t\t\t<img fetchpriority=\"high\" decoding=\"async\" width=\"701\" height=\"97\" src=\"https:\/\/lagencemx.com\/wp-content\/uploads\/2022\/10\/Mativa-Taller-Creativo.png\" class=\"attachment-full size-full wp-image-2502\" alt=\"\" srcset=\"\/\/lagencemx.com\/wp-content\/uploads\/2022\/10\/Mativa-Taller-Creativo.png 701w, \/\/lagencemx.com\/wp-content\/uploads\/2022\/10\/Mativa-Taller-Creativo-300x42.png 300w\" sizes=\"(max-width: 701px) 100vw, 701px\" \/>\t\t\t\t\t\t\t\t\t\t\t\t\t\t\t<\/div>\n\t\t\t\t<\/div>\n\t\t\t\t\t<\/div>\n\t\t<\/div>\n\t\t\t\t\t\t\t<\/div>\n\t\t<\/section>\n\t\t\t\t\t<\/div>\n\t\t<\/div>\n\t\t\t\t<div class=\"elementor-column elementor-col-50 elementor-top-column elementor-element elementor-element-1ca01489\" data-id=\"1ca01489\" data-element_type=\"column\">\n\t\t\t<div class=\"elementor-widget-wrap elementor-element-populated\">\n\t\t\t\t\t\t\t\t<div class=\"elementor-element elementor-element-5f2afa98 elementor-widget elementor-widget-text-editor\" data-id=\"5f2afa98\" data-element_type=\"widget\" data-widget_type=\"text-editor.default\">\n\t\t\t\t<div class=\"elementor-widget-container\">\n\t\t\t<style>\/*! elementor - v3.18.0 - 20-12-2023 *\/\n.elementor-widget-text-editor.elementor-drop-cap-view-stacked .elementor-drop-cap{background-color:#69727d;color:#fff}.elementor-widget-text-editor.elementor-drop-cap-view-framed .elementor-drop-cap{color:#69727d;border:3px solid;background-color:transparent}.elementor-widget-text-editor:not(.elementor-drop-cap-view-default) .elementor-drop-cap{margin-top:8px}.elementor-widget-text-editor:not(.elementor-drop-cap-view-default) .elementor-drop-cap-letter{width:1em;height:1em}.elementor-widget-text-editor .elementor-drop-cap{float:left;text-align:center;line-height:1;font-size:50px}.elementor-widget-text-editor .elementor-drop-cap-letter{display:inline-block}<\/style>\t\t\t\t<p>En L\u2019agence &#8230;<\/p>\t\t\t\t\t\t<\/div>\n\t\t\t\t<\/div>\n\t\t\t\t<div class=\"elementor-element elementor-element-448c21b1 elementor-widget elementor-widget-text-editor\" data-id=\"448c21b1\" data-element_type=\"widget\" data-widget_type=\"text-editor.default\">\n\t\t\t\t<div class=\"elementor-widget-container\">\n\t\t\t\t\t\t\tEstamos seguros que un departamento perfectamente decorado: y con la armon\u00eda ideal ayuda a tener mayor retorno de inversi\u00f3n al hacer una inversi\u00f3n en bienes ra\u00edces, por eso estamos orgullosos de trabajar con Mativa, es un taller creativo dedicado al servicio profesional de dise\u00f1o de interiores y mobiliario.\t\t\t\t\t\t<\/div>\n\t\t\t\t<\/div>\n\t\t\t\t<div class=\"elementor-element elementor-element-ca65de9 elementor-widget elementor-widget-text-editor\" data-id=\"ca65de9\" data-element_type=\"widget\" data-widget_type=\"text-editor.default\">\n\t\t\t\t<div class=\"elementor-widget-container\">\n\t\t\t\t\t\t\t<p>Surge en el a\u00f1o 2020 de la colaboraci\u00f3n entre Adel y Nathalia, ambas profesionistas en dise\u00f1o de interiores.<\/p><p>En sociedad con Mativa ofrecemos servicios que van desde el dise\u00f1o de mobiliario, dise\u00f1o integral de interiores y servicios de llave en mano de casas y departamentos.<\/p>\t\t\t\t\t\t<\/div>\n\t\t\t\t<\/div>\n\t\t\t\t\t<\/div>\n\t\t<\/div>\n\t\t\t\t\t\t\t<\/div>\n\t\t<\/section>\n\t\t\t\t<section class=\"elementor-section elementor-top-section elementor-element elementor-element-5d02986 elementor-section-height-min-height elementor-section-boxed elementor-section-height-default elementor-section-items-middle\" data-id=\"5d02986\" data-element_type=\"section\" data-settings=\"{&quot;jet_parallax_layout_list&quot;:[{&quot;_id&quot;:&quot;4398e98&quot;,&quot;jet_parallax_layout_speed&quot;:{&quot;unit&quot;:&quot;%&quot;,&quot;size&quot;:&quot;50&quot;,&quot;sizes&quot;:[]},&quot;jet_parallax_layout_bg_x&quot;:&quot;50&quot;,&quot;jet_parallax_layout_bg_y&quot;:&quot;50&quot;,&quot;jet_parallax_layout_image&quot;:{&quot;url&quot;:&quot;&quot;,&quot;id&quot;:&quot;&quot;,&quot;size&quot;:&quot;&quot;},&quot;jet_parallax_layout_image_tablet&quot;:{&quot;url&quot;:&quot;&quot;,&quot;id&quot;:&quot;&quot;,&quot;size&quot;:&quot;&quot;},&quot;jet_parallax_layout_image_mobile&quot;:{&quot;url&quot;:&quot;&quot;,&quot;id&quot;:&quot;&quot;,&quot;size&quot;:&quot;&quot;},&quot;jet_parallax_layout_type&quot;:&quot;scroll&quot;,&quot;jet_parallax_layout_direction&quot;:null,&quot;jet_parallax_layout_fx_direction&quot;:null,&quot;jet_parallax_layout_z_index&quot;:&quot;&quot;,&quot;jet_parallax_layout_bg_x_tablet&quot;:&quot;&quot;,&quot;jet_parallax_layout_bg_x_mobile&quot;:&quot;&quot;,&quot;jet_parallax_layout_bg_y_tablet&quot;:&quot;&quot;,&quot;jet_parallax_layout_bg_y_mobile&quot;:&quot;&quot;,&quot;jet_parallax_layout_bg_size&quot;:&quot;auto&quot;,&quot;jet_parallax_layout_bg_size_tablet&quot;:&quot;&quot;,&quot;jet_parallax_layout_bg_size_mobile&quot;:&quot;&quot;,&quot;jet_parallax_layout_animation_prop&quot;:&quot;transform&quot;,&quot;jet_parallax_layout_on&quot;:[&quot;desktop&quot;,&quot;tablet&quot;]}],&quot;background_background&quot;:&quot;classic&quot;}\">\n\t\t\t\t\t\t\t<div class=\"elementor-background-overlay\"><\/div>\n\t\t\t\t\t\t\t<div class=\"elementor-container elementor-column-gap-default\">\n\t\t\t\t\t<div class=\"elementor-column elementor-col-100 elementor-top-column elementor-element elementor-element-29c03fde\" data-id=\"29c03fde\" data-element_type=\"column\">\n\t\t\t<div class=\"elementor-widget-wrap elementor-element-populated\">\n\t\t\t\t\t\t\t\t<div class=\"elementor-element elementor-element-1317b7e6 elementor-widget elementor-widget-text-editor\" data-id=\"1317b7e6\" data-element_type=\"widget\" data-widget_type=\"text-editor.default\">\n\t\t\t\t<div class=\"elementor-widget-container\">\n\t\t\t\t\t\t\t<p><span style=\"font-weight: 400;\">Cont\u00e1ctanos<\/span><\/p>\t\t\t\t\t\t<\/div>\n\t\t\t\t<\/div>\n\t\t\t\t<div class=\"elementor-element elementor-element-49547e05 elementor-widget elementor-widget-text-editor\" data-id=\"49547e05\" data-element_type=\"widget\" data-widget_type=\"text-editor.default\">\n\t\t\t\t<div class=\"elementor-widget-container\">\n\t\t\t\t\t\t\t<p><span style=\"font-weight: 400;\">Deja tus datos para que podamos asesorarte en la inversi\u00f3n m\u00e1s importante de tu vida y puedas adquirir la propiedad que se adecue a lo que est\u00e1s buscando en la Riviera maya.<\/span><\/p>\t\t\t\t\t\t<\/div>\n\t\t\t\t<\/div>\n\t\t\t\t\t<\/div>\n\t\t<\/div>\n\t\t\t\t\t\t\t<\/div>\n\t\t<\/section>\n\t\t\t\t<section class=\"elementor-section elementor-top-section elementor-element elementor-element-40417d57 elementor-section-boxed elementor-section-height-default elementor-section-height-default\" data-id=\"40417d57\" data-element_type=\"section\" data-settings=\"{&quot;jet_parallax_layout_list&quot;:[{&quot;_id&quot;:&quot;8063410&quot;,&quot;jet_parallax_layout_speed&quot;:{&quot;unit&quot;:&quot;%&quot;,&quot;size&quot;:&quot;50&quot;,&quot;sizes&quot;:[]},&quot;jet_parallax_layout_bg_x&quot;:&quot;50&quot;,&quot;jet_parallax_layout_bg_y&quot;:&quot;50&quot;,&quot;jet_parallax_layout_image&quot;:{&quot;url&quot;:&quot;&quot;,&quot;id&quot;:&quot;&quot;,&quot;size&quot;:&quot;&quot;},&quot;jet_parallax_layout_image_tablet&quot;:{&quot;url&quot;:&quot;&quot;,&quot;id&quot;:&quot;&quot;,&quot;size&quot;:&quot;&quot;},&quot;jet_parallax_layout_image_mobile&quot;:{&quot;url&quot;:&quot;&quot;,&quot;id&quot;:&quot;&quot;,&quot;size&quot;:&quot;&quot;},&quot;jet_parallax_layout_type&quot;:&quot;scroll&quot;,&quot;jet_parallax_layout_direction&quot;:null,&quot;jet_parallax_layout_fx_direction&quot;:null,&quot;jet_parallax_layout_z_index&quot;:&quot;&quot;,&quot;jet_parallax_layout_bg_x_tablet&quot;:&quot;&quot;,&quot;jet_parallax_layout_bg_x_mobile&quot;:&quot;&quot;,&quot;jet_parallax_layout_bg_y_tablet&quot;:&quot;&quot;,&quot;jet_parallax_layout_bg_y_mobile&quot;:&quot;&quot;,&quot;jet_parallax_layout_bg_size&quot;:&quot;auto&quot;,&quot;jet_parallax_layout_bg_size_tablet&quot;:&quot;&quot;,&quot;jet_parallax_layout_bg_size_mobile&quot;:&quot;&quot;,&quot;jet_parallax_layout_animation_prop&quot;:&quot;transform&quot;,&quot;jet_parallax_layout_on&quot;:[&quot;desktop&quot;,&quot;tablet&quot;]}]}\">\n\t\t\t\t\t\t<div class=\"elementor-container elementor-column-gap-default\">\n\t\t\t\t\t<div class=\"elementor-column elementor-col-100 elementor-top-column elementor-element elementor-element-11b2ac0e\" data-id=\"11b2ac0e\" data-element_type=\"column\" data-settings=\"{&quot;background_background&quot;:&quot;classic&quot;}\">\n\t\t\t<div class=\"elementor-widget-wrap elementor-element-populated\">\n\t\t\t\t\t\t\t\t<div class=\"elementor-element elementor-element-32f67438 elementor-align-center elementor-widget elementor-widget-raven-heading\" data-id=\"32f67438\" data-element_type=\"widget\" data-widget_type=\"raven-heading.default\">\n\t\t\t\t<div class=\"elementor-widget-container\">\n\t\t\t\t\t<div class=\"raven-widget-wrapper\"><h3 class=\"raven-heading raven-heading-h3\"><span class=\"raven-heading-title \">D\u00e9janos tus datos<\/span><\/h3><\/div>\n\t\t\t\t<\/div>\n\t\t\t\t<\/div>\n\t\t\t\t<div class=\"elementor-element elementor-element-920d813 elementor-widget elementor-widget-shortcode\" data-id=\"920d813\" data-element_type=\"widget\" data-widget_type=\"shortcode.default\">\n\t\t\t\t<div class=\"elementor-widget-container\">\n\t\t\t\t\t<div class=\"elementor-shortcode\"><iframe style=\"min-height:800px;\" id=\"miiframe\" src=\"\" frameborder=\"0\" sandbox=\"allow-top-navigation allow-forms allow-scripts allow-popups\" allowfullscreen><\/iframe>\n<script type=\"text\/javascript\">\n    var iframe = jQuery('body').find('#miiframe'),\n        url=window.location.href,\n        es = \"50e55cde689b4671e6250c471a688246\",\n        en = \"hd5069de689b4671e6250c471a688246\",\n        fr = \"zz5496de689b4671e6250c471a688246\";\n    iframe.attr('src','https:\/\/crm.lagencemx.com\/assets\/webform.php?url='+url+'&es='+es+'&en='+en+'&fr='+fr);\n  <\/script><\/div>\n\t\t\t\t<\/div>\n\t\t\t\t<\/div>\n\t\t\t\t\t<\/div>\n\t\t<\/div>\n\t\t\t\t\t\t\t<\/div>\n\t\t<\/section>\n\t\t\t\t\t\t\t<\/div>\n\t\t","protected":false},"excerpt":{"rendered":"<p>Interior design En L\u2019agence &#8230; Estamos seguros que un departamento perfectamente decorado: y con la armon\u00eda ideal ayuda a tener mayor retorno de inversi\u00f3n al hacer una inversi\u00f3n en bienes ra\u00edces, por eso estamos orgullosos de trabajar con Mativa, es un taller creativo dedicado al servicio profesional de dise\u00f1o de interiores y mobiliario. Surge en [&hellip;]<\/p>\n","protected":false},"author":8,"featured_media":0,"parent":0,"menu_order":0,"comment_status":"closed","ping_status":"closed","template":"elementor_header_footer","meta":{"footnotes":""},"class_list":["post-2498","page","type-page","status-publish","hentry"],"acf":[],"yoast_head":"<!-- This site is optimized with the Yoast SEO plugin v21.7 - https:\/\/yoast.com\/wordpress\/plugins\/seo\/ -->\n<title>Interior Design - L&#039;agence by Los Socios<\/title>\n<meta name=\"description\" content=\"Dise\u00f1o de interiores : Ofrecemos servicios que van desde el dise\u00f1o de mobiliario, dise\u00f1o integral de interiores y servicios de llave en mano.\" \/>\n<meta name=\"robots\" content=\"index, follow, max-snippet:-1, max-image-preview:large, max-video-preview:-1\" \/>\n<link rel=\"canonical\" href=\"https:\/\/lagencemx.com\/es\/interior-design\/\" \/>\n<meta property=\"og:locale\" content=\"es_ES\" \/>\n<meta property=\"og:type\" content=\"article\" \/>\n<meta property=\"og:title\" content=\"Interior Design - L&#039;agence by Los Socios\" \/>\n<meta property=\"og:description\" content=\"Dise\u00f1o de interiores : Ofrecemos servicios que van desde el dise\u00f1o de mobiliario, dise\u00f1o integral de interiores y servicios de llave en mano.\" \/>\n<meta property=\"og:url\" content=\"https:\/\/lagencemx.com\/es\/interior-design\/\" \/>\n<meta property=\"og:site_name\" content=\"L&#039;agence by Los Socios\" \/>\n<meta property=\"article:publisher\" content=\"https:\/\/www.facebook.com\/lagencebylossocios\/\" \/>\n<meta property=\"article:modified_time\" content=\"2024-05-20T19:22:35+00:00\" \/>\n<meta property=\"og:image\" content=\"https:\/\/lagencemx.com\/wp-content\/uploads\/2022\/10\/Mativa-Taller-Creativo.png\" \/>\n<meta name=\"twitter:card\" content=\"summary_large_image\" \/>\n<meta name=\"twitter:label1\" content=\"Tiempo de lectura\" \/>\n\t<meta name=\"twitter:data1\" content=\"1 minuto\" \/>\n<script type=\"application\/ld+json\" class=\"yoast-schema-graph\">{\"@context\":\"https:\/\/schema.org\",\"@graph\":[{\"@type\":\"WebPage\",\"@id\":\"https:\/\/lagencemx.com\/interior-design\/\",\"url\":\"https:\/\/lagencemx.com\/interior-design\/\",\"name\":\"Interior Design - L&#039;agence by Los Socios\",\"isPartOf\":{\"@id\":\"https:\/\/lagencemx.com\/#website\"},\"datePublished\":\"2022-10-15T21:20:25+00:00\",\"dateModified\":\"2024-05-20T19:22:35+00:00\",\"description\":\"Dise\u00f1o de interiores : Ofrecemos servicios que van desde el dise\u00f1o de mobiliario, dise\u00f1o integral de interiores y servicios de llave en mano.\",\"breadcrumb\":{\"@id\":\"https:\/\/lagencemx.com\/interior-design\/#breadcrumb\"},\"inLanguage\":\"es\",\"potentialAction\":[{\"@type\":\"ReadAction\",\"target\":[\"https:\/\/lagencemx.com\/interior-design\/\"]}]},{\"@type\":\"BreadcrumbList\",\"@id\":\"https:\/\/lagencemx.com\/interior-design\/#breadcrumb\",\"itemListElement\":[{\"@type\":\"ListItem\",\"position\":1,\"name\":\"Portada\",\"item\":\"https:\/\/lagencemx.com\/es\/\"},{\"@type\":\"ListItem\",\"position\":2,\"name\":\"Interior Design\"}]},{\"@type\":\"WebSite\",\"@id\":\"https:\/\/lagencemx.com\/#website\",\"url\":\"https:\/\/lagencemx.com\/\",\"name\":\"L'agence by Los Socios\",\"description\":\"Bienes Ra\u00edces de Lujo en la Riviera Maya\",\"publisher\":{\"@id\":\"https:\/\/lagencemx.com\/#organization\"},\"potentialAction\":[{\"@type\":\"SearchAction\",\"target\":{\"@type\":\"EntryPoint\",\"urlTemplate\":\"https:\/\/lagencemx.com\/?s={search_term_string}\"},\"query-input\":\"required name=search_term_string\"}],\"inLanguage\":\"es\"},{\"@type\":\"Organization\",\"@id\":\"https:\/\/lagencemx.com\/#organization\",\"name\":\"L'agence by Los Socios\",\"alternateName\":\"L'agence\",\"url\":\"https:\/\/lagencemx.com\/\",\"logo\":{\"@type\":\"ImageObject\",\"inLanguage\":\"es\",\"@id\":\"https:\/\/lagencemx.com\/#\/schema\/logo\/image\/\",\"url\":\"https:\/\/lagencemx.com\/wp-content\/uploads\/2023\/04\/l-agence-by-los-socios.jpg\",\"contentUrl\":\"https:\/\/lagencemx.com\/wp-content\/uploads\/2023\/04\/l-agence-by-los-socios.jpg\",\"width\":792,\"height\":612,\"caption\":\"L'agence by Los Socios\"},\"image\":{\"@id\":\"https:\/\/lagencemx.com\/#\/schema\/logo\/image\/\"},\"sameAs\":[\"https:\/\/www.facebook.com\/lagencebylossocios\/\",\"https:\/\/www.instagram.com\/lagence_mx\/\",\"https:\/\/www.instagram.com\/lossocios_lifestyle\/\"]}]}<\/script>\n<!-- \/ Yoast SEO plugin. -->","yoast_head_json":{"title":"Interior Design - L&#039;agence by Los Socios","description":"Dise\u00f1o de interiores : Ofrecemos servicios que van desde el dise\u00f1o de mobiliario, dise\u00f1o integral de interiores y servicios de llave en mano.","robots":{"index":"index","follow":"follow","max-snippet":"max-snippet:-1","max-image-preview":"max-image-preview:large","max-video-preview":"max-video-preview:-1"},"canonical":"https:\/\/lagencemx.com\/es\/interior-design\/","og_locale":"es_ES","og_type":"article","og_title":"Interior Design - L&#039;agence by Los Socios","og_description":"Dise\u00f1o de interiores : Ofrecemos servicios que van desde el dise\u00f1o de mobiliario, dise\u00f1o integral de interiores y servicios de llave en mano.","og_url":"https:\/\/lagencemx.com\/es\/interior-design\/","og_site_name":"L&#039;agence by Los Socios","article_publisher":"https:\/\/www.facebook.com\/lagencebylossocios\/","article_modified_time":"2024-05-20T19:22:35+00:00","og_image":[{"url":"https:\/\/lagencemx.com\/wp-content\/uploads\/2022\/10\/Mativa-Taller-Creativo.png"}],"twitter_card":"summary_large_image","twitter_misc":{"Tiempo de lectura":"1 minuto"},"schema":{"@context":"https:\/\/schema.org","@graph":[{"@type":"WebPage","@id":"https:\/\/lagencemx.com\/interior-design\/","url":"https:\/\/lagencemx.com\/interior-design\/","name":"Interior Design - L&#039;agence by Los Socios","isPartOf":{"@id":"https:\/\/lagencemx.com\/#website"},"datePublished":"2022-10-15T21:20:25+00:00","dateModified":"2024-05-20T19:22:35+00:00","description":"Dise\u00f1o de interiores : Ofrecemos servicios que van desde el dise\u00f1o de mobiliario, dise\u00f1o integral de interiores y servicios de llave en mano.","breadcrumb":{"@id":"https:\/\/lagencemx.com\/interior-design\/#breadcrumb"},"inLanguage":"es","potentialAction":[{"@type":"ReadAction","target":["https:\/\/lagencemx.com\/interior-design\/"]}]},{"@type":"BreadcrumbList","@id":"https:\/\/lagencemx.com\/interior-design\/#breadcrumb","itemListElement":[{"@type":"ListItem","position":1,"name":"Portada","item":"https:\/\/lagencemx.com\/es\/"},{"@type":"ListItem","position":2,"name":"Interior Design"}]},{"@type":"WebSite","@id":"https:\/\/lagencemx.com\/#website","url":"https:\/\/lagencemx.com\/","name":"L'agence by Los Socios","description":"Bienes Ra\u00edces de Lujo en la Riviera Maya","publisher":{"@id":"https:\/\/lagencemx.com\/#organization"},"potentialAction":[{"@type":"SearchAction","target":{"@type":"EntryPoint","urlTemplate":"https:\/\/lagencemx.com\/?s={search_term_string}"},"query-input":"required name=search_term_string"}],"inLanguage":"es"},{"@type":"Organization","@id":"https:\/\/lagencemx.com\/#organization","name":"L'agence by Los Socios","alternateName":"L'agence","url":"https:\/\/lagencemx.com\/","logo":{"@type":"ImageObject","inLanguage":"es","@id":"https:\/\/lagencemx.com\/#\/schema\/logo\/image\/","url":"https:\/\/lagencemx.com\/wp-content\/uploads\/2023\/04\/l-agence-by-los-socios.jpg","contentUrl":"https:\/\/lagencemx.com\/wp-content\/uploads\/2023\/04\/l-agence-by-los-socios.jpg","width":792,"height":612,"caption":"L'agence by Los Socios"},"image":{"@id":"https:\/\/lagencemx.com\/#\/schema\/logo\/image\/"},"sameAs":["https:\/\/www.facebook.com\/lagencebylossocios\/","https:\/\/www.instagram.com\/lagence_mx\/","https:\/\/www.instagram.com\/lossocios_lifestyle\/"]}]}},"_links":{"self":[{"href":"https:\/\/lagencemx.com\/es\/wp-json\/wp\/v2\/pages\/2498","targetHints":{"allow":["GET"]}}],"collection":[{"href":"https:\/\/lagencemx.com\/es\/wp-json\/wp\/v2\/pages"}],"about":[{"href":"https:\/\/lagencemx.com\/es\/wp-json\/wp\/v2\/types\/page"}],"author":[{"embeddable":true,"href":"https:\/\/lagencemx.com\/es\/wp-json\/wp\/v2\/users\/8"}],"replies":[{"embeddable":true,"href":"https:\/\/lagencemx.com\/es\/wp-json\/wp\/v2\/comments?post=2498"}],"version-history":[{"count":9,"href":"https:\/\/lagencemx.com\/es\/wp-json\/wp\/v2\/pages\/2498\/revisions"}],"predecessor-version":[{"id":14933,"href":"https:\/\/lagencemx.com\/es\/wp-json\/wp\/v2\/pages\/2498\/revisions\/14933"}],"wp:attachment":[{"href":"https:\/\/lagencemx.com\/es\/wp-json\/wp\/v2\/media?parent=2498"}],"curies":[{"name":"wp","href":"https:\/\/api.w.org\/{rel}","templated":true}]}}