{"id":2480,"date":"2022-10-15T16:17:31","date_gmt":"2022-10-15T21:17:31","guid":{"rendered":"https:\/\/lagencemx.com\/?page_id=2480"},"modified":"2024-12-11T12:13:27","modified_gmt":"2024-12-11T18:13:27","slug":"contacto","status":"publish","type":"page","link":"https:\/\/lagencemx.com\/es\/contacto\/","title":{"rendered":"Contacto"},"content":{"rendered":"\t\t<div data-elementor-type=\"wp-page\" data-elementor-id=\"2480\" class=\"elementor elementor-2480\" data-elementor-post-type=\"page\">\n\t\t\t\t\t\t\t\t\t<section class=\"elementor-section elementor-top-section elementor-element elementor-element-3e8041b elementor-section-height-min-height elementor-section-boxed elementor-section-height-default elementor-section-items-middle\" data-id=\"3e8041b\" data-element_type=\"section\" data-settings=\"{&quot;jet_parallax_layout_list&quot;:[{&quot;_id&quot;:&quot;5dbf257&quot;,&quot;jet_parallax_layout_speed&quot;:{&quot;unit&quot;:&quot;%&quot;,&quot;size&quot;:&quot;50&quot;,&quot;sizes&quot;:[]},&quot;jet_parallax_layout_bg_x&quot;:&quot;50&quot;,&quot;jet_parallax_layout_bg_y&quot;:&quot;50&quot;,&quot;jet_parallax_layout_image&quot;:{&quot;url&quot;:&quot;&quot;,&quot;id&quot;:&quot;&quot;,&quot;size&quot;:&quot;&quot;},&quot;jet_parallax_layout_image_tablet&quot;:{&quot;url&quot;:&quot;&quot;,&quot;id&quot;:&quot;&quot;,&quot;size&quot;:&quot;&quot;},&quot;jet_parallax_layout_image_mobile&quot;:{&quot;url&quot;:&quot;&quot;,&quot;id&quot;:&quot;&quot;,&quot;size&quot;:&quot;&quot;},&quot;jet_parallax_layout_type&quot;:&quot;scroll&quot;,&quot;jet_parallax_layout_direction&quot;:null,&quot;jet_parallax_layout_fx_direction&quot;:null,&quot;jet_parallax_layout_z_index&quot;:&quot;&quot;,&quot;jet_parallax_layout_bg_x_tablet&quot;:&quot;&quot;,&quot;jet_parallax_layout_bg_x_mobile&quot;:&quot;&quot;,&quot;jet_parallax_layout_bg_y_tablet&quot;:&quot;&quot;,&quot;jet_parallax_layout_bg_y_mobile&quot;:&quot;&quot;,&quot;jet_parallax_layout_bg_size&quot;:&quot;auto&quot;,&quot;jet_parallax_layout_bg_size_tablet&quot;:&quot;&quot;,&quot;jet_parallax_layout_bg_size_mobile&quot;:&quot;&quot;,&quot;jet_parallax_layout_animation_prop&quot;:&quot;transform&quot;,&quot;jet_parallax_layout_on&quot;:[&quot;desktop&quot;,&quot;tablet&quot;]}],&quot;background_background&quot;:&quot;classic&quot;}\">\n\t\t\t\t\t\t\t<div class=\"elementor-background-overlay\"><\/div>\n\t\t\t\t\t\t\t<div class=\"elementor-container elementor-column-gap-default\">\n\t\t\t\t\t<div class=\"elementor-column elementor-col-100 elementor-top-column elementor-element elementor-element-147098ae\" data-id=\"147098ae\" data-element_type=\"column\">\n\t\t\t<div class=\"elementor-widget-wrap elementor-element-populated\">\n\t\t\t\t\t\t\t\t<div class=\"elementor-element elementor-element-4cff25a9 elementor-align-center elementor-widget elementor-widget-raven-heading\" data-id=\"4cff25a9\" data-element_type=\"widget\" data-widget_type=\"raven-heading.default\">\n\t\t\t\t<div class=\"elementor-widget-container\">\n\t\t\t\t\t<div class=\"raven-widget-wrapper\"><h1 class=\"raven-heading raven-heading-h1\"><span class=\"raven-heading-title \">Contacto<\/span><\/h1><\/div>\n\t\t\t\t<\/div>\n\t\t\t\t<\/div>\n\t\t\t\t\t<\/div>\n\t\t<\/div>\n\t\t\t\t\t\t\t<\/div>\n\t\t<\/section>\n\t\t\t\t<section class=\"elementor-section elementor-top-section elementor-element elementor-element-7509be5b elementor-section-boxed elementor-section-height-default elementor-section-height-default\" data-id=\"7509be5b\" data-element_type=\"section\" data-settings=\"{&quot;jet_parallax_layout_list&quot;:[{&quot;_id&quot;:&quot;baea49d&quot;,&quot;jet_parallax_layout_speed&quot;:{&quot;unit&quot;:&quot;%&quot;,&quot;size&quot;:&quot;50&quot;,&quot;sizes&quot;:[]},&quot;jet_parallax_layout_bg_x&quot;:&quot;50&quot;,&quot;jet_parallax_layout_bg_y&quot;:&quot;50&quot;,&quot;jet_parallax_layout_image&quot;:{&quot;url&quot;:&quot;&quot;,&quot;id&quot;:&quot;&quot;,&quot;size&quot;:&quot;&quot;},&quot;jet_parallax_layout_image_tablet&quot;:{&quot;url&quot;:&quot;&quot;,&quot;id&quot;:&quot;&quot;,&quot;size&quot;:&quot;&quot;},&quot;jet_parallax_layout_image_mobile&quot;:{&quot;url&quot;:&quot;&quot;,&quot;id&quot;:&quot;&quot;,&quot;size&quot;:&quot;&quot;},&quot;jet_parallax_layout_type&quot;:&quot;scroll&quot;,&quot;jet_parallax_layout_direction&quot;:null,&quot;jet_parallax_layout_fx_direction&quot;:null,&quot;jet_parallax_layout_z_index&quot;:&quot;&quot;,&quot;jet_parallax_layout_bg_x_tablet&quot;:&quot;&quot;,&quot;jet_parallax_layout_bg_x_mobile&quot;:&quot;&quot;,&quot;jet_parallax_layout_bg_y_tablet&quot;:&quot;&quot;,&quot;jet_parallax_layout_bg_y_mobile&quot;:&quot;&quot;,&quot;jet_parallax_layout_bg_size&quot;:&quot;auto&quot;,&quot;jet_parallax_layout_bg_size_tablet&quot;:&quot;&quot;,&quot;jet_parallax_layout_bg_size_mobile&quot;:&quot;&quot;,&quot;jet_parallax_layout_animation_prop&quot;:&quot;transform&quot;,&quot;jet_parallax_layout_on&quot;:[&quot;desktop&quot;,&quot;tablet&quot;]}]}\">\n\t\t\t\t\t\t<div class=\"elementor-container elementor-column-gap-default\">\n\t\t\t\t\t<div class=\"elementor-column elementor-col-33 elementor-top-column elementor-element elementor-element-5c40e5cf\" data-id=\"5c40e5cf\" data-element_type=\"column\">\n\t\t\t<div class=\"elementor-widget-wrap elementor-element-populated\">\n\t\t\t\t\t\t\t\t<div class=\"elementor-element elementor-element-17a56c4 elementor-mobile-align-center elementor-align-left elementor-widget elementor-widget-raven-heading\" data-id=\"17a56c4\" data-element_type=\"widget\" data-widget_type=\"raven-heading.default\">\n\t\t\t\t<div class=\"elementor-widget-container\">\n\t\t\t\t\t<div class=\"raven-widget-wrapper\"><p class=\"raven-heading raven-heading-p\"><span class=\"raven-heading-title \">Deja tus datos para que podamos asesorarte en la inversi\u00f3n m\u00e1s importante de tu vida y puedas adquirir la propiedad que se adecue a lo que est\u00e1s buscando en la Riviera maya.\n<\/span><\/p><\/div>\n\t\t\t\t<\/div>\n\t\t\t\t<\/div>\n\t\t\t\t\t<\/div>\n\t\t<\/div>\n\t\t\t\t<div class=\"elementor-column elementor-col-66 elementor-top-column elementor-element elementor-element-2b7c656c\" data-id=\"2b7c656c\" data-element_type=\"column\">\n\t\t\t<div class=\"elementor-widget-wrap elementor-element-populated\">\n\t\t\t\t\t\t\t\t<div class=\"elementor-element elementor-element-6368d06 elementor-align-left elementor-widget elementor-widget-raven-heading\" data-id=\"6368d06\" data-element_type=\"widget\" data-widget_type=\"raven-heading.default\">\n\t\t\t\t<div class=\"elementor-widget-container\">\n\t\t\t\t\t<div class=\"raven-widget-wrapper\"><h2 class=\"raven-heading raven-heading-h2\"><span class=\"raven-heading-title \">Formulario de contacto<\/span><\/h2><\/div>\n\t\t\t\t<\/div>\n\t\t\t\t<\/div>\n\t\t\t\t<div class=\"elementor-element elementor-element-ba763dd elementor-widget elementor-widget-shortcode\" data-id=\"ba763dd\" data-element_type=\"widget\" data-widget_type=\"shortcode.default\">\n\t\t\t\t<div class=\"elementor-widget-container\">\n\t\t\t\t\t<div class=\"elementor-shortcode\"><iframe style=\"min-height:850px;\" id=\"miiframe\" src=\"\" frameborder=\"0\"  sandbox=\"allow-top-navigation allow-forms allow-scripts allow-popups\" allowfullscreen><\/iframe>\n<script type=\"text\/javascript\">\n    var iframe = jQuery('body').find('#miiframe'),\n        url=window.location.href,\n        es = \"50e55cde689b4671e6250c471a688246\",\n        en = \"hd5069de689b4671e6250c471a688246\",\n        fr = \"zz5496de689b4671e6250c471a688246\";\n    iframe.attr('src','https:\/\/crm.lagencemx.com\/assets\/webform.php?url='+url+'&es='+es+'&en='+en+'&fr='+fr);\n  <\/script><\/div>\n\t\t\t\t<\/div>\n\t\t\t\t<\/div>\n\t\t\t\t\t<\/div>\n\t\t<\/div>\n\t\t\t\t\t\t\t<\/div>\n\t\t<\/section>\n\t\t\t\t<section class=\"elementor-section elementor-top-section elementor-element elementor-element-13685f3e elementor-section-boxed elementor-section-height-default elementor-section-height-default\" data-id=\"13685f3e\" data-element_type=\"section\" data-settings=\"{&quot;jet_parallax_layout_list&quot;:[{&quot;_id&quot;:&quot;0689c93&quot;,&quot;jet_parallax_layout_speed&quot;:{&quot;unit&quot;:&quot;%&quot;,&quot;size&quot;:&quot;50&quot;,&quot;sizes&quot;:[]},&quot;jet_parallax_layout_bg_x&quot;:&quot;50&quot;,&quot;jet_parallax_layout_bg_y&quot;:&quot;50&quot;,&quot;jet_parallax_layout_image&quot;:{&quot;url&quot;:&quot;&quot;,&quot;id&quot;:&quot;&quot;,&quot;size&quot;:&quot;&quot;},&quot;jet_parallax_layout_image_tablet&quot;:{&quot;url&quot;:&quot;&quot;,&quot;id&quot;:&quot;&quot;,&quot;size&quot;:&quot;&quot;},&quot;jet_parallax_layout_image_mobile&quot;:{&quot;url&quot;:&quot;&quot;,&quot;id&quot;:&quot;&quot;,&quot;size&quot;:&quot;&quot;},&quot;jet_parallax_layout_type&quot;:&quot;scroll&quot;,&quot;jet_parallax_layout_direction&quot;:null,&quot;jet_parallax_layout_fx_direction&quot;:null,&quot;jet_parallax_layout_z_index&quot;:&quot;&quot;,&quot;jet_parallax_layout_bg_x_tablet&quot;:&quot;&quot;,&quot;jet_parallax_layout_bg_x_mobile&quot;:&quot;&quot;,&quot;jet_parallax_layout_bg_y_tablet&quot;:&quot;&quot;,&quot;jet_parallax_layout_bg_y_mobile&quot;:&quot;&quot;,&quot;jet_parallax_layout_bg_size&quot;:&quot;auto&quot;,&quot;jet_parallax_layout_bg_size_tablet&quot;:&quot;&quot;,&quot;jet_parallax_layout_bg_size_mobile&quot;:&quot;&quot;,&quot;jet_parallax_layout_animation_prop&quot;:&quot;transform&quot;,&quot;jet_parallax_layout_on&quot;:[&quot;desktop&quot;,&quot;tablet&quot;]}]}\">\n\t\t\t\t\t\t<div class=\"elementor-container elementor-column-gap-default\">\n\t\t\t\t\t<div class=\"elementor-column elementor-col-33 elementor-top-column elementor-element elementor-element-56f90a15\" data-id=\"56f90a15\" data-element_type=\"column\">\n\t\t\t<div class=\"elementor-widget-wrap elementor-element-populated\">\n\t\t\t\t\t\t\t\t<div class=\"elementor-element elementor-element-65f1d3b6 elementor-mobile-align-center elementor-align-left elementor-widget elementor-widget-raven-heading\" data-id=\"65f1d3b6\" data-element_type=\"widget\" data-widget_type=\"raven-heading.default\">\n\t\t\t\t<div class=\"elementor-widget-container\">\n\t\t\t\t\t<div class=\"raven-widget-wrapper\"><h5 class=\"raven-heading raven-heading-h5\"><span class=\"raven-heading-title \">Direcci\u00f3n<\/span><\/h5><\/div>\n\t\t\t\t<\/div>\n\t\t\t\t<\/div>\n\t\t\t\t<div class=\"elementor-element elementor-element-2ba097d0 elementor-widget elementor-widget-text-editor\" data-id=\"2ba097d0\" data-element_type=\"widget\" data-widget_type=\"text-editor.default\">\n\t\t\t\t<div class=\"elementor-widget-container\">\n\t\t\t<style>\/*! elementor - v3.18.0 - 20-12-2023 *\/\n.elementor-widget-text-editor.elementor-drop-cap-view-stacked .elementor-drop-cap{background-color:#69727d;color:#fff}.elementor-widget-text-editor.elementor-drop-cap-view-framed .elementor-drop-cap{color:#69727d;border:3px solid;background-color:transparent}.elementor-widget-text-editor:not(.elementor-drop-cap-view-default) .elementor-drop-cap{margin-top:8px}.elementor-widget-text-editor:not(.elementor-drop-cap-view-default) .elementor-drop-cap-letter{width:1em;height:1em}.elementor-widget-text-editor .elementor-drop-cap{float:left;text-align:center;line-height:1;font-size:50px}.elementor-widget-text-editor .elementor-drop-cap-letter{display:inline-block}<\/style>\t\t\t\t<p>Calle Nict\u00e9-Ha, entre calle Caobas y calle Amanecer, Ejidal, 77712 Playa del Carmen, Q.R. <\/p>\t\t\t\t\t\t<\/div>\n\t\t\t\t<\/div>\n\t\t\t\t\t<\/div>\n\t\t<\/div>\n\t\t\t\t<div class=\"elementor-column elementor-col-33 elementor-top-column elementor-element elementor-element-3ec688b5\" data-id=\"3ec688b5\" data-element_type=\"column\">\n\t\t\t<div class=\"elementor-widget-wrap elementor-element-populated\">\n\t\t\t\t\t\t\t\t<div class=\"elementor-element elementor-element-77e15575 elementor-mobile-align-center elementor-align-left elementor-widget elementor-widget-raven-heading\" data-id=\"77e15575\" data-element_type=\"widget\" data-widget_type=\"raven-heading.default\">\n\t\t\t\t<div class=\"elementor-widget-container\">\n\t\t\t\t\t<div class=\"raven-widget-wrapper\"><h4 class=\"raven-heading raven-heading-h4\"><span class=\"raven-heading-title \">WhatsApp<\/span><\/h4><\/div>\n\t\t\t\t<\/div>\n\t\t\t\t<\/div>\n\t\t\t\t<div class=\"elementor-element elementor-element-4385f8f6 elementor-mobile-align-center elementor-align-left elementor-widget elementor-widget-raven-heading\" data-id=\"4385f8f6\" data-element_type=\"widget\" data-widget_type=\"raven-heading.default\">\n\t\t\t\t<div class=\"elementor-widget-container\">\n\t\t\t\t\t<div class=\"raven-widget-wrapper\"><p class=\"raven-heading raven-heading-p\"><a href=\"https:\/\/wa.me\/+525633709470\"><span class=\"raven-heading-title \">+52 56 3370 9470<\/span><\/a><\/p><\/div>\n\t\t\t\t<\/div>\n\t\t\t\t<\/div>\n\t\t\t\t\t<\/div>\n\t\t<\/div>\n\t\t\t\t<div class=\"elementor-column elementor-col-33 elementor-top-column elementor-element elementor-element-5c0b1a44\" data-id=\"5c0b1a44\" data-element_type=\"column\">\n\t\t\t<div class=\"elementor-widget-wrap elementor-element-populated\">\n\t\t\t\t\t\t\t\t<div class=\"elementor-element elementor-element-187a764b elementor-mobile-align-center elementor-align-left elementor-widget elementor-widget-raven-heading\" data-id=\"187a764b\" data-element_type=\"widget\" data-widget_type=\"raven-heading.default\">\n\t\t\t\t<div class=\"elementor-widget-container\">\n\t\t\t\t\t<div class=\"raven-widget-wrapper\"><h4 class=\"raven-heading raven-heading-h4\"><span class=\"raven-heading-title \">Correo<\/span><\/h4><\/div>\n\t\t\t\t<\/div>\n\t\t\t\t<\/div>\n\t\t\t\t<div class=\"elementor-element elementor-element-3b83b906 elementor-mobile-align-center elementor-align-left elementor-widget elementor-widget-raven-heading\" data-id=\"3b83b906\" data-element_type=\"widget\" data-widget_type=\"raven-heading.default\">\n\t\t\t\t<div class=\"elementor-widget-container\">\n\t\t\t\t\t<div class=\"raven-widget-wrapper\"><p class=\"raven-heading raven-heading-p\"><a href=\"mailto:bonjour@lagencemx.com \"><span class=\"raven-heading-title \">bonjour@lagencemx.com <\/span><\/a><\/p><\/div>\n\t\t\t\t<\/div>\n\t\t\t\t<\/div>\n\t\t\t\t\t<\/div>\n\t\t<\/div>\n\t\t\t\t\t\t\t<\/div>\n\t\t<\/section>\n\t\t\t\t<section class=\"elementor-section elementor-top-section elementor-element elementor-element-526171b elementor-section-boxed elementor-section-height-default elementor-section-height-default\" data-id=\"526171b\" data-element_type=\"section\" data-settings=\"{&quot;jet_parallax_layout_list&quot;:[]}\">\n\t\t\t\t\t\t<div class=\"elementor-container elementor-column-gap-default\">\n\t\t\t\t\t<div class=\"elementor-column elementor-col-100 elementor-top-column elementor-element elementor-element-e853baf\" data-id=\"e853baf\" data-element_type=\"column\">\n\t\t\t<div class=\"elementor-widget-wrap elementor-element-populated\">\n\t\t\t\t\t\t\t\t<div class=\"elementor-element elementor-element-c946cc4 elementor-widget__width-inherit elementor-widget elementor-widget-html\" data-id=\"c946cc4\" data-element_type=\"widget\" data-widget_type=\"html.default\">\n\t\t\t\t<div class=\"elementor-widget-container\">\n\t\t\t<iframe src=\"https:\/\/www.google.com\/maps\/embed?pb=!1m18!1m12!1m3!1d3734.202166711374!2d-87.09620308946678!3d20.62061480159274!2m3!1f0!2f0!3f0!3m2!1i1024!2i768!4f13.1!3m3!1m2!1s0x8f4e438ceb0a4deb%3A0x9283281a90a1a0eb!2sL&#39;agence%20by%20los%20socios!5e0!3m2!1sen!2smx!4v1716216571863!5m2!1sen!2smx\" width=\"600\" height=\"450\" style=\"border:0;\" allowfullscreen=\"\" loading=\"lazy\" referrerpolicy=\"no-referrer-when-downgrade\"><\/iframe>\t\t<\/div>\n\t\t\t\t<\/div>\n\t\t\t\t\t<\/div>\n\t\t<\/div>\n\t\t\t\t\t\t\t<\/div>\n\t\t<\/section>\n\t\t\t\t<section class=\"elementor-section elementor-top-section elementor-element elementor-element-6ca2f6d elementor-section-boxed elementor-section-height-default elementor-section-height-default\" data-id=\"6ca2f6d\" data-element_type=\"section\" data-settings=\"{&quot;jet_parallax_layout_list&quot;:[]}\">\n\t\t\t\t\t\t<div class=\"elementor-container elementor-column-gap-default\">\n\t\t\t\t\t<div class=\"elementor-column elementor-col-100 elementor-top-column elementor-element elementor-element-f2bb57c\" data-id=\"f2bb57c\" data-element_type=\"column\">\n\t\t\t<div class=\"elementor-widget-wrap elementor-element-populated\">\n\t\t\t\t\t\t\t\t\t<\/div>\n\t\t<\/div>\n\t\t\t\t\t\t\t<\/div>\n\t\t<\/section>\n\t\t\t\t\t\t\t<\/div>\n\t\t","protected":false},"excerpt":{"rendered":"<p>Contacto Deja tus datos para que podamos asesorarte en la inversi\u00f3n m\u00e1s importante de tu vida y puedas adquirir la propiedad que se adecue a lo que est\u00e1s buscando en la Riviera maya. Formulario de contacto Direcci\u00f3n Calle Nict\u00e9-Ha, entre calle Caobas y calle Amanecer, Ejidal, 77712 Playa del Carmen, Q.R. WhatsApp +52 56 3370 [&hellip;]<\/p>\n","protected":false},"author":8,"featured_media":10452,"parent":0,"menu_order":0,"comment_status":"closed","ping_status":"closed","template":"elementor_header_footer","meta":{"footnotes":""},"class_list":["post-2480","page","type-page","status-publish","has-post-thumbnail","hentry"],"acf":[],"yoast_head":"<!-- This site is optimized with the Yoast SEO plugin v21.7 - https:\/\/yoast.com\/wordpress\/plugins\/seo\/ -->\n<title>Contacto - L&#039;agence by Los Socios<\/title>\n<meta name=\"description\" content=\"\u00a1No espere m\u00e1s! P\u00f3ngase en contacto con nosotros y descubra las oportunidades de inversi\u00f3n en la Riviera Maya.\" \/>\n<meta name=\"robots\" content=\"index, follow, max-snippet:-1, max-image-preview:large, max-video-preview:-1\" \/>\n<link rel=\"canonical\" href=\"https:\/\/lagencemx.com\/es\/contacto\/\" \/>\n<meta property=\"og:locale\" content=\"es_ES\" \/>\n<meta property=\"og:type\" content=\"article\" \/>\n<meta property=\"og:title\" content=\"Contacto - L&#039;agence by Los Socios\" \/>\n<meta property=\"og:description\" content=\"\u00a1No espere m\u00e1s! P\u00f3ngase en contacto con nosotros y descubra las oportunidades de inversi\u00f3n en la Riviera Maya.\" \/>\n<meta property=\"og:url\" content=\"https:\/\/lagencemx.com\/es\/contacto\/\" \/>\n<meta property=\"og:site_name\" content=\"L&#039;agence by Los Socios\" \/>\n<meta property=\"article:publisher\" content=\"https:\/\/www.facebook.com\/lagencebylossocios\/\" \/>\n<meta property=\"article:modified_time\" content=\"2024-12-11T18:13:27+00:00\" \/>\n<meta property=\"og:image\" content=\"https:\/\/lagencemx.com\/wp-content\/uploads\/2023\/07\/ph_-diego-martin-murillo-12.jpg\" \/>\n\t<meta property=\"og:image:width\" content=\"1920\" \/>\n\t<meta property=\"og:image:height\" content=\"1281\" \/>\n\t<meta property=\"og:image:type\" content=\"image\/jpeg\" \/>\n<meta name=\"twitter:card\" content=\"summary_large_image\" \/>\n<meta name=\"twitter:label1\" content=\"Tiempo de lectura\" \/>\n\t<meta name=\"twitter:data1\" content=\"1 minuto\" \/>\n<script type=\"application\/ld+json\" class=\"yoast-schema-graph\">{\"@context\":\"https:\/\/schema.org\",\"@graph\":[{\"@type\":[\"WebPage\",\"ContactPage\"],\"@id\":\"https:\/\/lagencemx.com\/contacto\/\",\"url\":\"https:\/\/lagencemx.com\/contacto\/\",\"name\":\"Contacto - L&#039;agence by Los Socios\",\"isPartOf\":{\"@id\":\"https:\/\/lagencemx.com\/#website\"},\"datePublished\":\"2022-10-15T21:17:31+00:00\",\"dateModified\":\"2024-12-11T18:13:27+00:00\",\"description\":\"\u00a1No espere m\u00e1s! P\u00f3ngase en contacto con nosotros y descubra las oportunidades de inversi\u00f3n en la Riviera Maya.\",\"breadcrumb\":{\"@id\":\"https:\/\/lagencemx.com\/contacto\/#breadcrumb\"},\"inLanguage\":\"es\",\"potentialAction\":[{\"@type\":\"ReadAction\",\"target\":[\"https:\/\/lagencemx.com\/contacto\/\"]}]},{\"@type\":\"BreadcrumbList\",\"@id\":\"https:\/\/lagencemx.com\/contacto\/#breadcrumb\",\"itemListElement\":[{\"@type\":\"ListItem\",\"position\":1,\"name\":\"Portada\",\"item\":\"https:\/\/lagencemx.com\/es\/\"},{\"@type\":\"ListItem\",\"position\":2,\"name\":\"Contacto\"}]},{\"@type\":\"WebSite\",\"@id\":\"https:\/\/lagencemx.com\/#website\",\"url\":\"https:\/\/lagencemx.com\/\",\"name\":\"L'agence by Los Socios\",\"description\":\"Bienes Ra\u00edces de Lujo en la Riviera Maya\",\"publisher\":{\"@id\":\"https:\/\/lagencemx.com\/#organization\"},\"potentialAction\":[{\"@type\":\"SearchAction\",\"target\":{\"@type\":\"EntryPoint\",\"urlTemplate\":\"https:\/\/lagencemx.com\/?s={search_term_string}\"},\"query-input\":\"required name=search_term_string\"}],\"inLanguage\":\"es\"},{\"@type\":[\"Organization\",\"RealEstateAgent\"],\"@id\":\"https:\/\/lagencemx.com\/#organization\",\"name\":\"L'agence by Los Socios\",\"alternateName\":\"L'agence\",\"url\":\"https:\/\/lagencemx.com\/\",\"logo\":{\"@type\":\"ImageObject\",\"inLanguage\":\"es\",\"@id\":\"https:\/\/lagencemx.com\/#\/schema\/logo\/image\/\",\"url\":\"https:\/\/lagencemx.com\/wp-content\/uploads\/2023\/04\/l-agence-by-los-socios.jpg\",\"contentUrl\":\"https:\/\/lagencemx.com\/wp-content\/uploads\/2023\/04\/l-agence-by-los-socios.jpg\",\"width\":792,\"height\":612,\"caption\":\"L'agence by Los Socios\"},\"image\":{\"@id\":\"https:\/\/lagencemx.com\/#\/schema\/logo\/image\/\"},\"sameAs\":[\"https:\/\/www.facebook.com\/lagencebylossocios\/\",\"https:\/\/www.instagram.com\/lagence_mx\/\",\"https:\/\/www.instagram.com\/lossocios_lifestyle\/\"],\"address\":{\"@type\":\"PostalAddress\",\"addressLocality\":\"Playa del Carmen\",\"addressRegion\":\"Quintana Roo\",\"addressCountry\":\"MX\"},\"telephone\":\"+52-984-XXX-XXXX\",\"areaServed\":{\"@type\":\"GeoCircle\",\"geoMidpoint\":{\"@type\":\"GeoCoordinates\",\"latitude\":20.6296,\"longitude\":-87.0739},\"geoRadius\":\"100000\"}}]}<\/script>\n<!-- \/ Yoast SEO plugin. -->","yoast_head_json":{"title":"Contacto - L&#039;agence by Los Socios","description":"\u00a1No espere m\u00e1s! P\u00f3ngase en contacto con nosotros y descubra las oportunidades de inversi\u00f3n en la Riviera Maya.","robots":{"index":"index","follow":"follow","max-snippet":"max-snippet:-1","max-image-preview":"max-image-preview:large","max-video-preview":"max-video-preview:-1"},"canonical":"https:\/\/lagencemx.com\/es\/contacto\/","og_locale":"es_ES","og_type":"article","og_title":"Contacto - L&#039;agence by Los Socios","og_description":"\u00a1No espere m\u00e1s! P\u00f3ngase en contacto con nosotros y descubra las oportunidades de inversi\u00f3n en la Riviera Maya.","og_url":"https:\/\/lagencemx.com\/es\/contacto\/","og_site_name":"L&#039;agence by Los Socios","article_publisher":"https:\/\/www.facebook.com\/lagencebylossocios\/","article_modified_time":"2024-12-11T18:13:27+00:00","og_image":[{"width":1920,"height":1281,"url":"https:\/\/lagencemx.com\/wp-content\/uploads\/2023\/07\/ph_-diego-martin-murillo-12.jpg","type":"image\/jpeg"}],"twitter_card":"summary_large_image","twitter_misc":{"Tiempo de lectura":"1 minuto"},"schema":{"@context":"https:\/\/schema.org","@graph":[{"@type":["WebPage","ContactPage"],"@id":"https:\/\/lagencemx.com\/contacto\/","url":"https:\/\/lagencemx.com\/contacto\/","name":"Contacto - L&#039;agence by Los Socios","isPartOf":{"@id":"https:\/\/lagencemx.com\/#website"},"datePublished":"2022-10-15T21:17:31+00:00","dateModified":"2024-12-11T18:13:27+00:00","description":"\u00a1No espere m\u00e1s! P\u00f3ngase en contacto con nosotros y descubra las oportunidades de inversi\u00f3n en la Riviera Maya.","breadcrumb":{"@id":"https:\/\/lagencemx.com\/contacto\/#breadcrumb"},"inLanguage":"es","potentialAction":[{"@type":"ReadAction","target":["https:\/\/lagencemx.com\/contacto\/"]}]},{"@type":"BreadcrumbList","@id":"https:\/\/lagencemx.com\/contacto\/#breadcrumb","itemListElement":[{"@type":"ListItem","position":1,"name":"Portada","item":"https:\/\/lagencemx.com\/es\/"},{"@type":"ListItem","position":2,"name":"Contacto"}]},{"@type":"WebSite","@id":"https:\/\/lagencemx.com\/#website","url":"https:\/\/lagencemx.com\/","name":"L'agence by Los Socios","description":"Bienes Ra\u00edces de Lujo en la Riviera Maya","publisher":{"@id":"https:\/\/lagencemx.com\/#organization"},"potentialAction":[{"@type":"SearchAction","target":{"@type":"EntryPoint","urlTemplate":"https:\/\/lagencemx.com\/?s={search_term_string}"},"query-input":"required name=search_term_string"}],"inLanguage":"es"},{"@type":["Organization","RealEstateAgent"],"@id":"https:\/\/lagencemx.com\/#organization","name":"L'agence by Los Socios","alternateName":"L'agence","url":"https:\/\/lagencemx.com\/","logo":{"@type":"ImageObject","inLanguage":"es","@id":"https:\/\/lagencemx.com\/#\/schema\/logo\/image\/","url":"https:\/\/lagencemx.com\/wp-content\/uploads\/2023\/04\/l-agence-by-los-socios.jpg","contentUrl":"https:\/\/lagencemx.com\/wp-content\/uploads\/2023\/04\/l-agence-by-los-socios.jpg","width":792,"height":612,"caption":"L'agence by Los Socios"},"image":{"@id":"https:\/\/lagencemx.com\/#\/schema\/logo\/image\/"},"sameAs":["https:\/\/www.facebook.com\/lagencebylossocios\/","https:\/\/www.instagram.com\/lagence_mx\/","https:\/\/www.instagram.com\/lossocios_lifestyle\/"],"address":{"@type":"PostalAddress","addressLocality":"Playa del Carmen","addressRegion":"Quintana Roo","addressCountry":"MX"},"telephone":"+52-984-XXX-XXXX","areaServed":{"@type":"GeoCircle","geoMidpoint":{"@type":"GeoCoordinates","latitude":20.6296,"longitude":-87.0739},"geoRadius":"100000"}}]}},"_links":{"self":[{"href":"https:\/\/lagencemx.com\/es\/wp-json\/wp\/v2\/pages\/2480","targetHints":{"allow":["GET"]}}],"collection":[{"href":"https:\/\/lagencemx.com\/es\/wp-json\/wp\/v2\/pages"}],"about":[{"href":"https:\/\/lagencemx.com\/es\/wp-json\/wp\/v2\/types\/page"}],"author":[{"embeddable":true,"href":"https:\/\/lagencemx.com\/es\/wp-json\/wp\/v2\/users\/8"}],"replies":[{"embeddable":true,"href":"https:\/\/lagencemx.com\/es\/wp-json\/wp\/v2\/comments?post=2480"}],"version-history":[{"count":93,"href":"https:\/\/lagencemx.com\/es\/wp-json\/wp\/v2\/pages\/2480\/revisions"}],"predecessor-version":[{"id":17592,"href":"https:\/\/lagencemx.com\/es\/wp-json\/wp\/v2\/pages\/2480\/revisions\/17592"}],"wp:featuredmedia":[{"embeddable":true,"href":"https:\/\/lagencemx.com\/es\/wp-json\/wp\/v2\/media\/10452"}],"wp:attachment":[{"href":"https:\/\/lagencemx.com\/es\/wp-json\/wp\/v2\/media?parent=2480"}],"curies":[{"name":"wp","href":"https:\/\/api.w.org\/{rel}","templated":true}]}}