{"id":1442,"date":"2022-10-15T15:58:06","date_gmt":"2022-10-15T20:58:06","guid":{"rendered":"https:\/\/lagencemx.com\/?page_id=1442"},"modified":"2023-08-18T10:24:23","modified_gmt":"2023-08-18T16:24:23","slug":"aviso-de-privacidad","status":"publish","type":"page","link":"https:\/\/lagencemx.com\/es\/aviso-de-privacidad\/","title":{"rendered":"Aviso de Privacidad"},"content":{"rendered":"<h1 style=\"text-align: left;\">Aviso de Privacidad<\/h1>\n<h3 style=\"text-align: left;\">RECOPILACI\u00d3N Y UTILIZACI\u00d3N DE SU INFORMACI\u00d3N.<\/h3>\n<p style=\"text-align: left;\">1. Esta Pol\u00edtica de Privacidad contempla la recopilaci\u00f3n y uso de informaci\u00f3n personal en el formulario de la plataforma.<br \/>\n1.1 L\u2019AGENCE no recopilar\u00e1 a trav\u00e9s del formulario de la plataforma ninguna informaci\u00f3n sobre usted que pueda identificarlo personalmente, como, por ejemplo, su nombre, direcci\u00f3n, n\u00famero de tel\u00e9fono o direcci\u00f3n de correo electr\u00f3nico (en adelante, la \u201cInformaci\u00f3n Personal\u00bb), a menos que usted nos la brinde en forma voluntaria. Si usted no desea que recopilemos su Informaci\u00f3n Personal, por favor abst\u00e9ngase de proporcionarla. Sin embargo, deber\u00e1 tener en cuenta que en caso de no proporcionarnos su Informaci\u00f3n Personal, no podr\u00e1 acceder a los servicios e informaci\u00f3n disponible.<br \/>\n1.2 En caso de que usted nos brinde Informaci\u00f3n Personal, le comunicamos que esa Informaci\u00f3n Personal ser\u00e1 objeto de tratamiento automatizado e incorporada a la base de datos de L\u2019AGENCE.<br \/>\n1.3 en ning\u00fan momento recopilar\u00e1 informaci\u00f3n sensible sobre usted.<\/p>\n<p style=\"text-align: left;\">2. INFORMACI\u00d3N PERSONAL.<br \/>\n2.1 LAGENCE recopila Informaci\u00f3n Personal en l\u00ednea cuando, entre otros casos:<br \/>\nUsted se registra para recibir m\u00e1s informaci\u00f3n de los servicios.<br \/>\nUsted nos env\u00eda preguntas, consultas o comentarios.<br \/>\nUsted solicita informaci\u00f3n o materiales.<br \/>\nUsted provee de cualquier forma informaci\u00f3n (chats, foros, uploads, etc.).<br \/>\n2.2 El tipo de informaci\u00f3n recopilada puede incluir nombre, tipo y n\u00famero de documento, tel\u00e9fono, direcci\u00f3n de correo electr\u00f3nico y\/o cualquier otra informaci\u00f3n que permita individualizarlo. En todos los casos que usted brinde Informaci\u00f3n Personal, y de acuerdo a la legislaci\u00f3n vigente, usted declara que la Informaci\u00f3n Personal brindada es correcta, cierta y actual<br \/>\n2.3 En los casos que nos brinde su Informaci\u00f3n Personal, usted acepta y presta su consentimiento libre, expreso e informado para que dicha Informaci\u00f3n Personal sea utilizada con las finalidades arriba mencionadas y autoriza a que la misma sea tratada, almacenada, recopilada en las bases de datos de propiedad de L\u2019AGENCE. En tal sentido, usted autoriza a que su Informaci\u00f3n Personal sea compartida con los clientes de L\u2019AGENCE. Asimismo, usted acepta y presta su consentimiento libre, expreso e informado con los t\u00e9rminos de la presente Pol\u00edtica de Privacidad.<\/p>\n<p style=\"text-align: left;\">3. CORREO ELECTR\u00d3NICO.<br \/>\n3.1 LAGENCE podr\u00e1 enviarle correos electr\u00f3nicos en relaci\u00f3n con el contenido del Sitio Web, los servicios prestados por LAGENCE o sobre su cuenta y en respuesta a sus preguntas, pedidos, consultas o comentarios. LAGENCE tambi\u00e9n le podr\u00e1 enviar correos electr\u00f3nicos con informaci\u00f3n sobre productos y servicios ofrecidos por LAGENCE y\/o terceros asociados comercialmente que le puedan resultar de inter\u00e9s, a menos que usted indique expresamente que no desea recibir dichos correos electr\u00f3nicos a trav\u00e9s de los procesos implementados por L\u2019AGENCE a tal efecto.<br \/>\n3.2 Usted podr\u00e1 solicitar en cualquier momento el retiro o bloqueo de su nombre de la base de datos a la que se refiere la presente Pol\u00edtica de Privacidad siguiendo el procedimiento se\u00f1alado en esta misma pol\u00edtica.<br \/>\n3.3 Todo correo electr\u00f3nico que reciba de LAGENCE le informar\u00e1 c\u00f3mo rechazar el env\u00edo de futuros correos electr\u00f3nicos promocionales. Asimismo, usted podr\u00e1 cambiar sus preferencias de recepci\u00f3n de correos electr\u00f3nicos publicitarios a trav\u00e9s de la configuraci\u00f3n de su cuenta en el propio Sitio Web en cualquier momento.<\/p>\n<p style=\"text-align: left;\">4. COMPARTIENDO SU INFORMACI\u00d3N.<br \/>\nLa Informaci\u00f3n Personal que usted suministre ser\u00e1 reputada y tratada como confidencial. Sin perjuicio de lo expuesto, L\u2019AGENCE podr\u00e1 compartir total o parcialmente la Informaci\u00f3n Personal suministrada por usted.<\/p>\n<p style=\"text-align: left;\">5. PROTEGIENDO SU INFORMACI\u00d3N PERSONAL.<br \/>\n5.1 Para prevenir acceso no autorizado, mantener la precisi\u00f3n de los datos y asegurar el uso correcto de su Informaci\u00f3n Personal, L\u2019AGENCE ha puesto en uso ciertos medios f\u00edsicos, electr\u00f3nicos, administrativos y procedimientos de seguridad para resguardar y asegurar la Informaci\u00f3n Personal que recopilamos en l\u00ednea. Nosotros resguardamos la Informaci\u00f3n Personal de acuerdo a est\u00e1ndares y procedimientos de seguridad establecidos y continuamente evaluamos nueva tecnolog\u00eda para proteger esa informaci\u00f3n. L\u2019AGENCE garantiza que los procesos internos propios de las bases de datos cumplen con las obligaciones legales de seguridad y confidencialidad impuestas por las leyes de cada pa\u00eds en materia de privacidad y protecci\u00f3n de datos personales.<br \/>\n5.2 A pesar de lo anterior, usted reconoce que los medios t\u00e9cnicos existentes que brindan seguridad no son inexpugnables y que aun cuando se adopten todos los recaudos razonables de seguridad es posible sufrir manipulaciones, destrucci\u00f3n y\/o p\u00e9rdida de informaci\u00f3n. De presentarse estos casos, L\u2019AGENCE proceder\u00e1 conforme las leyes de cada pa\u00eds en materia de privacidad y protecci\u00f3n de datos lo requieran.<br \/>\n5.3 Los empleados de L\u2019AGENCE son entrenados para comprender y cumplir con estos principios en materia de protecci\u00f3n de datos personales y seguridad de la informaci\u00f3n. Asimismo, los empleados de L\u2019AGENCE asumen estrictos compromisos de confidencialidad en cuanto a la Informaci\u00f3n Personal que procesan en el ejercicio de sus funciones.<br \/>\n5.4 Usted consiente, reconoce y acepta que su informaci\u00f3n personal sea almacenada en la jurisdicci\u00f3n de L\u2019AGENCE o que la misma pueda ser transferida, almacenada y tratada fuera de su pa\u00eds de residencia.<\/p>\n<p style=\"text-align: left;\">6. MENORES DE EDAD.<br \/>\n6.1 L\u2019AGENCE no tiene intenciones de recopilar Informaci\u00f3n Personal de menores de edad. Cuando corresponda, L\u2019AGENCE le indicar\u00e1 espec\u00edficamente a los menores que no brinden esa informaci\u00f3n Personal en nuestro Sitio Web y\/o tomar\u00e1 medidas razonables para obtener el consentimiento de los padres, tutor o representante legal para la entrega de esa Informaci\u00f3n Personal.<\/p>\n<p style=\"text-align: left;\">7. LINKS EXTERNOS.<br \/>\nEl Sitio Web puede contener links hacia y provenientes de otros sitios de Internet. L\u2019AGENCE no es responsable por las pr\u00e1cticas de privacidad ni el tratamiento de los datos personales de esos sitios.<\/p>\n<p style=\"text-align: left;\">8. DERECHOS DEL USUARIO.<br \/>\n8.1 Si usted ha proporcionado Informaci\u00f3n Personal a trav\u00e9s de los servicios disponibles en las plataformas, usted podr\u00e1 acceder a la misma, revisar, modificar, eliminar y actualizar su Informaci\u00f3n Personal en el momento que lo desee.<br \/>\n8.2 Si usted desea acceder a su Informaci\u00f3n Personal o si tal Informaci\u00f3n Personales es incorrecta, desactualizada y\/o suprimida, por favor tenga a bien enviar su solicitud por correo electr\u00f3nico de acuerdo con las normas implementadas en su pa\u00eds tal como se detalla en la cl\u00e1usula 12 con el asunto \u201cInformar\u201d, \u201cRectificar\u201d, \u201cSuprimir\u201d y\/o \u201cActualizar\u201d y\/o cualquier otro seg\u00fan corresponda, conjuntamente con el objeto de su requerimiento. Dicha solicitud deber\u00e1 contener como m\u00ednimo la siguiente informaci\u00f3n:<br \/>\nnombre y domicilio, a efecto de dar respuesta a su solicitud en los plazos establecidos en la ley aplicable;<br \/>\ncopia de su documento de identidad, pasaporte o cualquier otro documento que acredite su identidad o acredite la personalidad de su representante legal, y en caso que la solicitud se realice a trav\u00e9s del representante legal, acompa\u00f1ar el documento que acredita sus facultades como representante;<br \/>\ndescripci\u00f3n clara y precisa de los datos personales sobre los que se busca ejercer alguno de los derechos antes mencionados de acceso, rectificaci\u00f3n, oposici\u00f3n, cancelaci\u00f3n o revocaci\u00f3n, as\u00ed como la descripci\u00f3n clara y precisa de su solicitud;<br \/>\nfecha y firma del solicitante; y<br \/>\ncualquier otro elemento o documento que facilite la localizaci\u00f3n de dichos datos personales.<br \/>\n8.3 Asimismo, si usted se suscribe a alguno de los servicios o comunicaciones que ofrece L\u2019AGENCE podr\u00e1 dar de baja su suscripci\u00f3n en cualquier momento siguiendo las instrucciones incluidas en cada comunicaci\u00f3n.<br \/>\n8.4 LAGENCE cooperar\u00e1 con las autoridades de cada pa\u00eds cuando \u00e9stas requieran formalmente cualquier informaci\u00f3n relacionada con nuestras bases de datos.<\/p>\n<p style=\"text-align: left;\">9. CAMBIOS A ESTE AVISO DE PRIVACIDAD.<br \/>\nL\u2019AGENCE se reserva el derecho a modificar esta Pol\u00edtica de Privacidad peri\u00f3dicamente, en cuyo caso la pol\u00edtica actualizada se publicar\u00e1 en este mismo sitio, siendo obligaci\u00f3n de los usuarios revisar regularmente esta secci\u00f3n a fin de informarse de cualquier cambio que se pueda haber producido. De todos modos, L\u2019AGENCE cursar\u00e1 una comunicaci\u00f3n a su cuenta de correo electr\u00f3nico registrada a efectos de informarle sobre el cambio en la Pol\u00edtica de Privacidad.<\/p>\n<p style=\"text-align: left;\">CONTACTO.<br \/>\nSi tiene preguntas sobre su privacidad, por favor cont\u00e1ctenos a los siguientes correos electr\u00f3nicos:<br \/>\nMexico:\u00a0bonjour@lagencemx.com<\/p>\n","protected":false},"excerpt":{"rendered":"<p>Aviso de Privacidad RECOPILACI\u00d3N Y UTILIZACI\u00d3N DE SU INFORMACI\u00d3N. 1. Esta Pol\u00edtica de Privacidad contempla la recopilaci\u00f3n y uso de informaci\u00f3n personal en el formulario de la plataforma. 1.1 L\u2019AGENCE no recopilar\u00e1 a trav\u00e9s del formulario de la plataforma ninguna informaci\u00f3n sobre usted que pueda identificarlo personalmente, como, por ejemplo, su nombre, direcci\u00f3n, n\u00famero de [&hellip;]<\/p>\n","protected":false},"author":8,"featured_media":0,"parent":0,"menu_order":0,"comment_status":"closed","ping_status":"closed","template":"","meta":{"footnotes":""},"class_list":["post-1442","page","type-page","status-publish","hentry"],"acf":[],"yoast_head":"<!-- This site is optimized with the Yoast SEO plugin v21.7 - https:\/\/yoast.com\/wordpress\/plugins\/seo\/ -->\n<title>Aviso de Privacidad - L&#039;agence by Los Socios<\/title>\n<meta name=\"description\" content=\"Aviso de privacidad L&#039;agence by Los Socios, agencia inmobiliaria registrada y certificada en la Riviera Maya\" \/>\n<meta name=\"robots\" content=\"index, follow, max-snippet:-1, max-image-preview:large, max-video-preview:-1\" \/>\n<link rel=\"canonical\" href=\"https:\/\/lagencemx.com\/es\/aviso-de-privacidad\/\" \/>\n<meta property=\"og:locale\" content=\"es_ES\" \/>\n<meta property=\"og:type\" content=\"article\" \/>\n<meta property=\"og:title\" content=\"Aviso de Privacidad - L&#039;agence by Los Socios\" \/>\n<meta property=\"og:description\" content=\"Aviso de privacidad L&#039;agence by Los Socios, agencia inmobiliaria registrada y certificada en la Riviera Maya\" \/>\n<meta property=\"og:url\" content=\"https:\/\/lagencemx.com\/es\/aviso-de-privacidad\/\" \/>\n<meta property=\"og:site_name\" content=\"L&#039;agence by Los Socios\" \/>\n<meta property=\"article:publisher\" content=\"https:\/\/www.facebook.com\/lagencebylossocios\/\" \/>\n<meta property=\"article:modified_time\" content=\"2023-08-18T16:24:23+00:00\" \/>\n<meta property=\"og:image\" content=\"https:\/\/lagencemx.com\/wp-content\/uploads\/2023\/04\/lagence-by-los-socios-bienes-raices-de-lujo-en-la-riviera-maya-1.jpg\" \/>\n\t<meta property=\"og:image:width\" content=\"1200\" \/>\n\t<meta property=\"og:image:height\" content=\"801\" \/>\n\t<meta property=\"og:image:type\" content=\"image\/jpeg\" \/>\n<meta name=\"twitter:card\" content=\"summary_large_image\" \/>\n<meta name=\"twitter:label1\" content=\"Tiempo de lectura\" \/>\n\t<meta name=\"twitter:data1\" content=\"6 minutos\" \/>\n<script type=\"application\/ld+json\" class=\"yoast-schema-graph\">{\"@context\":\"https:\/\/schema.org\",\"@graph\":[{\"@type\":\"WebPage\",\"@id\":\"https:\/\/lagencemx.com\/aviso-de-privacidad\/\",\"url\":\"https:\/\/lagencemx.com\/aviso-de-privacidad\/\",\"name\":\"Aviso de Privacidad - L&#039;agence by Los Socios\",\"isPartOf\":{\"@id\":\"https:\/\/lagencemx.com\/#website\"},\"datePublished\":\"2022-10-15T20:58:06+00:00\",\"dateModified\":\"2023-08-18T16:24:23+00:00\",\"description\":\"Aviso de privacidad L'agence by Los Socios, agencia inmobiliaria registrada y certificada en la Riviera Maya\",\"breadcrumb\":{\"@id\":\"https:\/\/lagencemx.com\/aviso-de-privacidad\/#breadcrumb\"},\"inLanguage\":\"es\",\"potentialAction\":[{\"@type\":\"ReadAction\",\"target\":[\"https:\/\/lagencemx.com\/aviso-de-privacidad\/\"]}]},{\"@type\":\"BreadcrumbList\",\"@id\":\"https:\/\/lagencemx.com\/aviso-de-privacidad\/#breadcrumb\",\"itemListElement\":[{\"@type\":\"ListItem\",\"position\":1,\"name\":\"Portada\",\"item\":\"https:\/\/lagencemx.com\/es\/\"},{\"@type\":\"ListItem\",\"position\":2,\"name\":\"Aviso de Privacidad\"}]},{\"@type\":\"WebSite\",\"@id\":\"https:\/\/lagencemx.com\/#website\",\"url\":\"https:\/\/lagencemx.com\/\",\"name\":\"L'agence by Los Socios\",\"description\":\"Bienes Ra\u00edces de Lujo en la Riviera Maya\",\"publisher\":{\"@id\":\"https:\/\/lagencemx.com\/#organization\"},\"potentialAction\":[{\"@type\":\"SearchAction\",\"target\":{\"@type\":\"EntryPoint\",\"urlTemplate\":\"https:\/\/lagencemx.com\/?s={search_term_string}\"},\"query-input\":\"required name=search_term_string\"}],\"inLanguage\":\"es\"},{\"@type\":[\"Organization\",\"RealEstateAgent\"],\"@id\":\"https:\/\/lagencemx.com\/#organization\",\"name\":\"L'agence by Los Socios\",\"alternateName\":\"L'agence\",\"url\":\"https:\/\/lagencemx.com\/\",\"logo\":{\"@type\":\"ImageObject\",\"inLanguage\":\"es\",\"@id\":\"https:\/\/lagencemx.com\/#\/schema\/logo\/image\/\",\"url\":\"https:\/\/lagencemx.com\/wp-content\/uploads\/2023\/04\/l-agence-by-los-socios.jpg\",\"contentUrl\":\"https:\/\/lagencemx.com\/wp-content\/uploads\/2023\/04\/l-agence-by-los-socios.jpg\",\"width\":792,\"height\":612,\"caption\":\"L'agence by Los Socios\"},\"image\":{\"@id\":\"https:\/\/lagencemx.com\/#\/schema\/logo\/image\/\"},\"sameAs\":[\"https:\/\/www.facebook.com\/lagencebylossocios\/\",\"https:\/\/www.instagram.com\/lagence_mx\/\",\"https:\/\/www.instagram.com\/lossocios_lifestyle\/\"],\"address\":{\"@type\":\"PostalAddress\",\"addressLocality\":\"Playa del Carmen\",\"addressRegion\":\"Quintana Roo\",\"addressCountry\":\"MX\"},\"telephone\":\"+52-984-XXX-XXXX\",\"areaServed\":{\"@type\":\"GeoCircle\",\"geoMidpoint\":{\"@type\":\"GeoCoordinates\",\"latitude\":20.6296,\"longitude\":-87.0739},\"geoRadius\":\"100000\"}}]}<\/script>\n<!-- \/ Yoast SEO plugin. -->","yoast_head_json":{"title":"Aviso de Privacidad - L&#039;agence by Los Socios","description":"Aviso de privacidad L'agence by Los Socios, agencia inmobiliaria registrada y certificada en la Riviera Maya","robots":{"index":"index","follow":"follow","max-snippet":"max-snippet:-1","max-image-preview":"max-image-preview:large","max-video-preview":"max-video-preview:-1"},"canonical":"https:\/\/lagencemx.com\/es\/aviso-de-privacidad\/","og_locale":"es_ES","og_type":"article","og_title":"Aviso de Privacidad - L&#039;agence by Los Socios","og_description":"Aviso de privacidad L'agence by Los Socios, agencia inmobiliaria registrada y certificada en la Riviera Maya","og_url":"https:\/\/lagencemx.com\/es\/aviso-de-privacidad\/","og_site_name":"L&#039;agence by Los Socios","article_publisher":"https:\/\/www.facebook.com\/lagencebylossocios\/","article_modified_time":"2023-08-18T16:24:23+00:00","og_image":[{"width":1200,"height":801,"url":"https:\/\/lagencemx.com\/wp-content\/uploads\/2023\/04\/lagence-by-los-socios-bienes-raices-de-lujo-en-la-riviera-maya-1.jpg","type":"image\/jpeg"}],"twitter_card":"summary_large_image","twitter_misc":{"Tiempo de lectura":"6 minutos"},"schema":{"@context":"https:\/\/schema.org","@graph":[{"@type":"WebPage","@id":"https:\/\/lagencemx.com\/aviso-de-privacidad\/","url":"https:\/\/lagencemx.com\/aviso-de-privacidad\/","name":"Aviso de Privacidad - L&#039;agence by Los Socios","isPartOf":{"@id":"https:\/\/lagencemx.com\/#website"},"datePublished":"2022-10-15T20:58:06+00:00","dateModified":"2023-08-18T16:24:23+00:00","description":"Aviso de privacidad L'agence by Los Socios, agencia inmobiliaria registrada y certificada en la Riviera Maya","breadcrumb":{"@id":"https:\/\/lagencemx.com\/aviso-de-privacidad\/#breadcrumb"},"inLanguage":"es","potentialAction":[{"@type":"ReadAction","target":["https:\/\/lagencemx.com\/aviso-de-privacidad\/"]}]},{"@type":"BreadcrumbList","@id":"https:\/\/lagencemx.com\/aviso-de-privacidad\/#breadcrumb","itemListElement":[{"@type":"ListItem","position":1,"name":"Portada","item":"https:\/\/lagencemx.com\/es\/"},{"@type":"ListItem","position":2,"name":"Aviso de Privacidad"}]},{"@type":"WebSite","@id":"https:\/\/lagencemx.com\/#website","url":"https:\/\/lagencemx.com\/","name":"L'agence by Los Socios","description":"Bienes Ra\u00edces de Lujo en la Riviera Maya","publisher":{"@id":"https:\/\/lagencemx.com\/#organization"},"potentialAction":[{"@type":"SearchAction","target":{"@type":"EntryPoint","urlTemplate":"https:\/\/lagencemx.com\/?s={search_term_string}"},"query-input":"required name=search_term_string"}],"inLanguage":"es"},{"@type":["Organization","RealEstateAgent"],"@id":"https:\/\/lagencemx.com\/#organization","name":"L'agence by Los Socios","alternateName":"L'agence","url":"https:\/\/lagencemx.com\/","logo":{"@type":"ImageObject","inLanguage":"es","@id":"https:\/\/lagencemx.com\/#\/schema\/logo\/image\/","url":"https:\/\/lagencemx.com\/wp-content\/uploads\/2023\/04\/l-agence-by-los-socios.jpg","contentUrl":"https:\/\/lagencemx.com\/wp-content\/uploads\/2023\/04\/l-agence-by-los-socios.jpg","width":792,"height":612,"caption":"L'agence by Los Socios"},"image":{"@id":"https:\/\/lagencemx.com\/#\/schema\/logo\/image\/"},"sameAs":["https:\/\/www.facebook.com\/lagencebylossocios\/","https:\/\/www.instagram.com\/lagence_mx\/","https:\/\/www.instagram.com\/lossocios_lifestyle\/"],"address":{"@type":"PostalAddress","addressLocality":"Playa del Carmen","addressRegion":"Quintana Roo","addressCountry":"MX"},"telephone":"+52-984-XXX-XXXX","areaServed":{"@type":"GeoCircle","geoMidpoint":{"@type":"GeoCoordinates","latitude":20.6296,"longitude":-87.0739},"geoRadius":"100000"}}]}},"_links":{"self":[{"href":"https:\/\/lagencemx.com\/es\/wp-json\/wp\/v2\/pages\/1442","targetHints":{"allow":["GET"]}}],"collection":[{"href":"https:\/\/lagencemx.com\/es\/wp-json\/wp\/v2\/pages"}],"about":[{"href":"https:\/\/lagencemx.com\/es\/wp-json\/wp\/v2\/types\/page"}],"author":[{"embeddable":true,"href":"https:\/\/lagencemx.com\/es\/wp-json\/wp\/v2\/users\/8"}],"replies":[{"embeddable":true,"href":"https:\/\/lagencemx.com\/es\/wp-json\/wp\/v2\/comments?post=1442"}],"version-history":[{"count":0,"href":"https:\/\/lagencemx.com\/es\/wp-json\/wp\/v2\/pages\/1442\/revisions"}],"wp:attachment":[{"href":"https:\/\/lagencemx.com\/es\/wp-json\/wp\/v2\/media?parent=1442"}],"curies":[{"name":"wp","href":"https:\/\/api.w.org\/{rel}","templated":true}]}}