{"id":16258,"date":"2024-08-09T14:54:22","date_gmt":"2024-08-09T20:54:22","guid":{"rendered":"https:\/\/lagencemx.com\/?page_id=16258"},"modified":"2024-08-09T14:54:22","modified_gmt":"2024-08-09T20:54:22","slug":"top-5-desarrollos-en-playacar-gracias-2","status":"publish","type":"page","link":"https:\/\/lagencemx.com\/en\/top-5-desarrollos-en-playacar-gracias-2\/","title":{"rendered":"<p>Top 5 Desarrollos en Playacar &ndash; gracias<\/p>"},"content":{"rendered":"<div data-elementor-type=\"wp-page\" data-elementor-id=\"16258\" class=\"elementor elementor-16258\" data-elementor-post-type=\"page\">\n\t\t\t\t\t\t\t\t\t<section class=\"elementor-section elementor-top-section elementor-element elementor-element-01b1099 elementor-section-content-middle elementor-section-boxed elementor-section-height-default elementor-section-height-default\" data-id=\"01b1099\" data-element_type=\"section\" data-settings='{\"jet_parallax_layout_list\":[],\"background_background\":\"classic\"}'>\n\t\t\t\t\t\t<div class=\"elementor-container elementor-column-gap-default\">\n\t\t\t\t\t<div class=\"elementor-column elementor-col-50 elementor-top-column elementor-element elementor-element-4deb0db\" data-id=\"4deb0db\" data-element_type=\"column\">\n\t\t\t<div class=\"elementor-widget-wrap elementor-element-populated\">\n\t\t\t\t\t\t\t\t<div class=\"elementor-element elementor-element-6ed32c4 elementor-widget elementor-widget-image\" data-id=\"6ed32c4\" data-element_type=\"widget\" data-widget_type=\"image.default\">\n\t\t\t\t<div class=\"elementor-widget-container\">\n\t\t\t<style>\/*! elementor - v3.18.0 - 20-12-2023 *\/\n.elementor-widget-image{text-align:center}.elementor-widget-image a{display:inline-block}.elementor-widget-image a img[src$=\".svg\"]{width:48px}.elementor-widget-image img{vertical-align:middle;display:inline-block}<\/style>\t\t\t\t\t\t\t\t\t\t\t\t<img fetchpriority=\"high\" decoding=\"async\" width=\"1024\" height=\"363\" src=\"https:\/\/lagencemx.com\/wp-content\/uploads\/2022\/10\/LAGENCE-logo-principal-blanco-2-1-2-1.png\" class=\"attachment-full size-full wp-image-2768\" alt=\"\" srcset=\"\/\/lagencemx.com\/wp-content\/uploads\/2022\/10\/LAGENCE-logo-principal-blanco-2-1-2-1.png 1024w, \/\/lagencemx.com\/wp-content\/uploads\/2022\/10\/LAGENCE-logo-principal-blanco-2-1-2-1-300x106.png 300w, \/\/lagencemx.com\/wp-content\/uploads\/2022\/10\/LAGENCE-logo-principal-blanco-2-1-2-1-768x272.png 768w\" sizes=\"(max-width: 1024px) 100vw, 1024px\">\t\t\t\t\t\t\t\t\t\t\t\t\t\t\t<\/div>\n\t\t\t\t<\/div>\n\t\t\t\t\t<\/div>\n\t\t<\/div>\n\t\t\t\t<div class=\"elementor-column elementor-col-50 elementor-top-column elementor-element elementor-element-a0e6e30\" data-id=\"a0e6e30\" data-element_type=\"column\">\n\t\t\t<div class=\"elementor-widget-wrap elementor-element-populated\">\n\t\t\t\t\t\t\t\t<div class=\"elementor-element elementor-element-b65b577 elementor-widget elementor-widget-html\" data-id=\"b65b577\" data-element_type=\"widget\" data-widget_type=\"html.default\">\n\t\t\t\t<div class=\"elementor-widget-container\">\n\t\t\t<div style=\"text-align: right;\">\n    <a id=\"whatsapp-link\" target=\"_blank\">\n        <img decoding=\"async\" src=\"https:\/\/lagencemx.com\/wp-content\/uploads\/2024\/05\/Whatsapp-logo.png\" width=\"75\" height=\"175\">\n    <\/a>\n<\/div>\n\n<script>\n    document.addEventListener(\"DOMContentLoaded\", function() {\n        const linkElement = document.getElementById(\"whatsapp-link\");\n        const currentURL = window.location.href;\n\n        if (currentURL.includes(\"\/en\")) {\n            linkElement.href = \"https:\/\/wa.me\/525633709470\/?text=Hello%2C%20I%20am%20interested%20in%20receiving%20the%20list%20of%20the%20TOP%205%20developments%20in%20Playacar%2C%20please\";\n        } else {\n            linkElement.href = \"https:\/\/wa.me\/525633709470\/?text=Hola%2C%20me%20interesa%20recibir%20la%20lista%20TOP%205%20desarrollos%20en%20Playacar%20por%20favor\";\n        }\n    });\n<\/script>\t\t<\/div>\n\t\t\t\t<\/div>\n\t\t\t\t\t<\/div>\n\t\t<\/div>\n\t\t\t\t\t\t\t<\/div>\n\t\t<\/section>\n\t\t\t\t<section class=\"elementor-section elementor-top-section elementor-element elementor-element-a29045a elementor-section-boxed elementor-section-height-default elementor-section-height-default\" data-id=\"a29045a\" data-element_type=\"section\" data-settings='{\"jet_parallax_layout_list\":[]}'>\n\t\t\t\t\t\t\t<div class=\"elementor-background-overlay\"><\/div>\n\t\t\t\t\t\t\t<div class=\"elementor-container elementor-column-gap-default\">\n\t\t\t\t\t<div class=\"elementor-column elementor-col-100 elementor-top-column elementor-element elementor-element-5002e89\" data-id=\"5002e89\" data-element_type=\"column\" data-settings='{\"background_background\":\"classic\"}'>\n\t\t\t<div class=\"elementor-widget-wrap elementor-element-populated\">\n\t\t\t\t\t\t\t\t<div class=\"elementor-element elementor-element-fc49e98 elementor-widget elementor-widget-heading\" data-id=\"fc49e98\" data-element_type=\"widget\" data-widget_type=\"heading.default\">\n\t\t\t\t<div class=\"elementor-widget-container\">\n\t\t\t<style>\/*! elementor - v3.18.0 - 20-12-2023 *\/\n.elementor-heading-title{padding:0;margin:0;line-height:1}.elementor-widget-heading .elementor-heading-title[class*=elementor-size-]>a{color:inherit;font-size:inherit;line-height:inherit}.elementor-widget-heading .elementor-heading-title.elementor-size-small{font-size:15px}.elementor-widget-heading .elementor-heading-title.elementor-size-medium{font-size:19px}.elementor-widget-heading .elementor-heading-title.elementor-size-large{font-size:29px}.elementor-widget-heading .elementor-heading-title.elementor-size-xl{font-size:39px}.elementor-widget-heading .elementor-heading-title.elementor-size-xxl{font-size:59px}<\/style><h3 class=\"elementor-heading-title elementor-size-default\">Thank you, We received your request!<\/h3>\t\t<\/div>\n\t\t\t\t<\/div>\n\t\t\t\t<div class=\"elementor-element elementor-element-67216e1 elementor-widget elementor-widget-heading\" data-id=\"67216e1\" data-element_type=\"widget\" data-widget_type=\"heading.default\">\n\t\t\t\t<div class=\"elementor-widget-container\">\n\t\t\t<h3 class=\"elementor-heading-title elementor-size-default\">Tu cita de presentaci&oacute;n se registro con &eacute;xito, un asesor L'agence se pondr&aacute; en contacto contigo para confirmar la cita y apoyarte en cualquier duda que puedas tener.<br>\n<b>Haz clic en el bot&oacute;n para acceder al documento TOP 5 DESARROLLOS EN PLAYACAR <\/b><\/h3>\t\t<\/div>\n\t\t\t\t<\/div>\n\t\t\t\t<div class=\"elementor-element elementor-element-ac33656 elementor-align-center elementor-mobile-align-center elementor-widget elementor-widget-raven-button\" data-id=\"ac33656\" data-element_type=\"widget\" data-settings='{\"turn_to_popup_action_button\":\"no\"}' data-widget_type=\"raven-button.default\">\n\t\t\t\t<div class=\"elementor-widget-container\">\n\t\t\t\t\t<div class=\"raven-widget-wrapper\">\n\t\t\t<a class=\"raven-button raven-button-widget-normal-effect-none raven-button-text-align-center raven-button-link elementor-animation-none\" href=\"https:\/\/lagencemx.com\/wp-content\/uploads\/2024\/07\/Top-5-Desarrollos-en-Playacar-Lagence-by-Los-Socios.pdf\">\t\t\t\t<div class=\"raven-button-overlay\"><\/div>\n\t\t\t\t<span class=\"raven-button-content\">\n\t\t\t\t\t\t\t\t<span class=\"raven-button-icon raven-button-icon-position-far-left\">\n\t\t\t\t<i aria-hidden=\"true\" class=\"fas fa-file-archive\"><\/i>\t\t\t<\/span>\n\t\t\n\t\t\t\t\t<div class=\"button-text-container\">\n\t\t\t\t\t\t\t\t\t\t\t\t<div class=\"raven-button-texts-wrapper\">\n\t\t\t\t\t\t\t<div class=\"button-text\">\n\t\t\t\t\t\t\t\t<span class=\"raven-button-text\">\n\t\t\t\t\t\t\t\t\tACCEDER AL DOCUMENTO\t\t\t\t\t\t\t\t<\/span>\n\t\t\t\t\t\t\t<\/div>\n\t\t\t\t\t\t\t\t\t\t\t\t\t\t\t<div class=\"button-subtext\">\n\t\t\t\t\t\t\t\t\t<span>\n\t\t\t\t\t\t\t\t\tTOP 5 DESARROLLOS EN PLAYACAR\t\t\t\t\t\t\t\t<\/span>\n\t\t\t\t\t\t\t\t<\/div>\n\t\t\t\t\t\t\t\t\t\t\t\t\t<\/div>\n\t\t\t\t\t\t\t\t\t\t\t<\/div>\n\t\t\t\t\t\n\t\t\t\t\t\t\t\t\t<\/span>\n\t\t\t<\/a>\t\t<\/div>\n\t\t\t\t<\/div>\n\t\t\t\t<\/div>\n\t\t\t\t<div class=\"elementor-element elementor-element-d2e22d9 elementor-widget elementor-widget-image\" data-id=\"d2e22d9\" data-element_type=\"widget\" data-widget_type=\"image.default\">\n\t\t\t\t<div class=\"elementor-widget-container\">\n\t\t\t\t\t\t\t\t\t\t\t\t\t\t\t<img decoding=\"async\" width=\"768\" height=\"432\" src=\"https:\/\/lagencemx.com\/wp-content\/uploads\/2024\/06\/Documento-Top-5-Propiedades-en-Playacar-768x432.jpg\" class=\"attachment-medium_large size-medium_large wp-image-15793\" alt=\"\" srcset=\"\/\/lagencemx.com\/wp-content\/uploads\/2024\/06\/Documento-Top-5-Propiedades-en-Playacar-768x432.jpg 768w, \/\/lagencemx.com\/wp-content\/uploads\/2024\/06\/Documento-Top-5-Propiedades-en-Playacar-350x197.jpg 350w, \/\/lagencemx.com\/wp-content\/uploads\/2024\/06\/Documento-Top-5-Propiedades-en-Playacar-1024x576.jpg 1024w, \/\/lagencemx.com\/wp-content\/uploads\/2024\/06\/Documento-Top-5-Propiedades-en-Playacar-1536x864.jpg 1536w, \/\/lagencemx.com\/wp-content\/uploads\/2024\/06\/Documento-Top-5-Propiedades-en-Playacar-18x10.jpg 18w, \/\/lagencemx.com\/wp-content\/uploads\/2024\/06\/Documento-Top-5-Propiedades-en-Playacar.jpg 1920w\" sizes=\"(max-width: 768px) 100vw, 768px\">\t\t\t\t\t\t\t\t\t\t\t\t\t\t\t<\/div>\n\t\t\t\t<\/div>\n\t\t\t\t<section class=\"elementor-section elementor-inner-section elementor-element elementor-element-db1c236 elementor-section-boxed elementor-section-height-default elementor-section-height-default\" data-id=\"db1c236\" data-element_type=\"section\" data-settings='{\"jet_parallax_layout_list\":[]}'>\n\t\t\t\t\t\t<div class=\"elementor-container elementor-column-gap-default\">\n\t\t\t\t\t<div class=\"elementor-column elementor-col-50 elementor-inner-column elementor-element elementor-element-8559a10\" data-id=\"8559a10\" data-element_type=\"column\">\n\t\t\t<div class=\"elementor-widget-wrap elementor-element-populated\">\n\t\t\t\t\t\t\t\t<div class=\"elementor-element elementor-element-5ccac87 elementor-align-right elementor-mobile-align-center elementor-widget elementor-widget-button\" data-id=\"5ccac87\" data-element_type=\"widget\" data-widget_type=\"button.default\">\n\t\t\t\t<div class=\"elementor-widget-container\">\n\t\t\t\t\t<div class=\"elementor-button-wrapper\">\n\t\t\t<a class=\"elementor-button elementor-button-link elementor-size-sm\" href=\"https:\/\/lagencemx.com\/en\/\">\n\t\t\t\t\t\t<span class=\"elementor-button-content-wrapper\">\n\t\t\t\t\t\t<span class=\"elementor-button-icon elementor-align-icon-left\">\n\t\t\t\t<i aria-hidden=\"true\" class=\"fas fa-link\"><\/i>\t\t\t<\/span>\n\t\t\t\t\t\t<span class=\"elementor-button-text\">Visit Website<\/span>\n\t\t<\/span>\n\t\t\t\t\t<\/a>\n\t\t<\/div>\n\t\t\t\t<\/div>\n\t\t\t\t<\/div>\n\t\t\t\t\t<\/div>\n\t\t<\/div>\n\t\t\t\t<div class=\"elementor-column elementor-col-50 elementor-inner-column elementor-element elementor-element-9a83a97\" data-id=\"9a83a97\" data-element_type=\"column\">\n\t\t\t<div class=\"elementor-widget-wrap elementor-element-populated\">\n\t\t\t\t\t\t\t\t<div class=\"elementor-element elementor-element-f7f6224 elementor-align-left elementor-mobile-align-center elementor-widget elementor-widget-button\" data-id=\"f7f6224\" data-element_type=\"widget\" data-widget_type=\"button.default\">\n\t\t\t\t<div class=\"elementor-widget-container\">\n\t\t\t\t\t<div class=\"elementor-button-wrapper\">\n\t\t\t<a class=\"elementor-button elementor-button-link elementor-size-sm\" href=\"https:\/\/www.youtube.com\/channel\/UCuAeMWDnjHHhEspFq0VytVw\">\n\t\t\t\t\t\t<span class=\"elementor-button-content-wrapper\">\n\t\t\t\t\t\t<span class=\"elementor-button-icon elementor-align-icon-left\">\n\t\t\t\t<i aria-hidden=\"true\" class=\"fab fa-youtube\"><\/i>\t\t\t<\/span>\n\t\t\t\t\t\t<span class=\"elementor-button-text\">Watch Youtube Channel<\/span>\n\t\t<\/span>\n\t\t\t\t\t<\/a>\n\t\t<\/div>\n\t\t\t\t<\/div>\n\t\t\t\t<\/div>\n\t\t\t\t\t<\/div>\n\t\t<\/div>\n\t\t\t\t\t\t\t<\/div>\n\t\t<\/section>\n\t\t\t\t\t<\/div>\n\t\t<\/div>\n\t\t\t\t\t\t\t<\/div>\n\t\t<\/section>\n\t\t\t\t\t\t\t<\/div>","protected":false},"excerpt":{"rendered":"<p>&iexcl;Gracias Hemos Recibido tu solicitud! Tu cita de presentaci&oacute;n se registro con &eacute;xito, un asesor L&rsquo;agence se pondr&aacute; en contacto contigo para confirmar la cita y apoyarte en cualquier duda que puedas tener. Haz clic en el bot&oacute;n para acceder al documento TOP 5 DESARROLLOS EN PLAYACAR ACCEDER AL DOCUMENTO TOP 5 DESARROLLOS EN PLAYACAR [&hellip;]<\/p>","protected":false},"author":8,"featured_media":15065,"parent":0,"menu_order":0,"comment_status":"closed","ping_status":"closed","template":"elementor_header_footer","meta":{"footnotes":""},"class_list":["post-16258","page","type-page","status-publish","has-post-thumbnail","hentry"],"acf":[],"yoast_head":"<!-- This site is optimized with the Yoast SEO plugin v21.7 - https:\/\/yoast.com\/wordpress\/plugins\/seo\/ -->\n<title>Top 5 Desarrollos en Playacar - gracias - L&#039;agence by Los Socios<\/title>\n<meta name=\"robots\" content=\"index, follow, max-snippet:-1, max-image-preview:large, max-video-preview:-1\" \/>\n<link rel=\"canonical\" href=\"https:\/\/lagencemx.com\/en\/top-5-desarrollos-en-playacar-gracias-2\/\" \/>\n<meta property=\"og:locale\" content=\"en_US\" \/>\n<meta property=\"og:type\" content=\"article\" \/>\n<meta property=\"og:title\" content=\"Top 5 Desarrollos en Playacar - gracias - L&#039;agence by Los Socios\" \/>\n<meta property=\"og:description\" content=\"\u00a1Gracias Hemos Recibido tu solicitud! Tu cita de presentaci\u00f3n se registro con \u00e9xito, un asesor L&#8217;agence se pondr\u00e1 en contacto contigo para confirmar la cita y apoyarte en cualquier duda que puedas tener. Haz clic en el bot\u00f3n para acceder al documento TOP 5 DESARROLLOS EN PLAYACAR ACCEDER AL DOCUMENTO TOP 5 DESARROLLOS EN PLAYACAR [&hellip;]\" \/>\n<meta property=\"og:url\" content=\"https:\/\/lagencemx.com\/en\/top-5-desarrollos-en-playacar-gracias-2\/\" \/>\n<meta property=\"og:site_name\" content=\"L&#039;agence by Los Socios\" \/>\n<meta property=\"article:publisher\" content=\"https:\/\/www.facebook.com\/lagencebylossocios\/\" \/>\n<meta property=\"og:image\" content=\"https:\/\/lagencemx.com\/wp-content\/uploads\/2024\/05\/1.-Vista-Aerea.jpg\" \/>\n\t<meta property=\"og:image:width\" content=\"1920\" \/>\n\t<meta property=\"og:image:height\" content=\"1079\" \/>\n\t<meta property=\"og:image:type\" content=\"image\/jpeg\" \/>\n<meta name=\"twitter:card\" content=\"summary_large_image\" \/>\n<meta name=\"twitter:label1\" content=\"Est. reading time\" \/>\n\t<meta name=\"twitter:data1\" content=\"2 minutes\" \/>\n<script type=\"application\/ld+json\" class=\"yoast-schema-graph\">{\"@context\":\"https:\/\/schema.org\",\"@graph\":[{\"@type\":\"WebPage\",\"@id\":\"https:\/\/lagencemx.com\/top-5-desarrollos-en-playacar-gracias-2\/\",\"url\":\"https:\/\/lagencemx.com\/top-5-desarrollos-en-playacar-gracias-2\/\",\"name\":\"Top 5 Desarrollos en Playacar - gracias - L&#039;agence by Los Socios\",\"isPartOf\":{\"@id\":\"https:\/\/lagencemx.com\/#website\"},\"datePublished\":\"2024-08-09T20:54:22+00:00\",\"dateModified\":\"2024-08-09T20:54:22+00:00\",\"breadcrumb\":{\"@id\":\"https:\/\/lagencemx.com\/top-5-desarrollos-en-playacar-gracias-2\/#breadcrumb\"},\"inLanguage\":\"en-US\",\"potentialAction\":[{\"@type\":\"ReadAction\",\"target\":[\"https:\/\/lagencemx.com\/top-5-desarrollos-en-playacar-gracias-2\/\"]}]},{\"@type\":\"BreadcrumbList\",\"@id\":\"https:\/\/lagencemx.com\/top-5-desarrollos-en-playacar-gracias-2\/#breadcrumb\",\"itemListElement\":[{\"@type\":\"ListItem\",\"position\":1,\"name\":\"Portada\",\"item\":\"https:\/\/lagencemx.com\/es\/\"},{\"@type\":\"ListItem\",\"position\":2,\"name\":\"Top 5 Desarrollos en Playacar &#8211; gracias\"}]},{\"@type\":\"WebSite\",\"@id\":\"https:\/\/lagencemx.com\/#website\",\"url\":\"https:\/\/lagencemx.com\/\",\"name\":\"L'agence by Los Socios\",\"description\":\"Bienes Ra\u00edces de Lujo en la Riviera Maya\",\"publisher\":{\"@id\":\"https:\/\/lagencemx.com\/#organization\"},\"potentialAction\":[{\"@type\":\"SearchAction\",\"target\":{\"@type\":\"EntryPoint\",\"urlTemplate\":\"https:\/\/lagencemx.com\/?s={search_term_string}\"},\"query-input\":\"required name=search_term_string\"}],\"inLanguage\":\"en-US\"},{\"@type\":\"Organization\",\"@id\":\"https:\/\/lagencemx.com\/#organization\",\"name\":\"L'agence by Los Socios\",\"alternateName\":\"L'agence\",\"url\":\"https:\/\/lagencemx.com\/\",\"logo\":{\"@type\":\"ImageObject\",\"inLanguage\":\"en-US\",\"@id\":\"https:\/\/lagencemx.com\/#\/schema\/logo\/image\/\",\"url\":\"https:\/\/lagencemx.com\/wp-content\/uploads\/2023\/04\/l-agence-by-los-socios.jpg\",\"contentUrl\":\"https:\/\/lagencemx.com\/wp-content\/uploads\/2023\/04\/l-agence-by-los-socios.jpg\",\"width\":792,\"height\":612,\"caption\":\"L'agence by Los Socios\"},\"image\":{\"@id\":\"https:\/\/lagencemx.com\/#\/schema\/logo\/image\/\"},\"sameAs\":[\"https:\/\/www.facebook.com\/lagencebylossocios\/\",\"https:\/\/www.instagram.com\/lagence_mx\/\",\"https:\/\/www.instagram.com\/lossocios_lifestyle\/\"]}]}<\/script>\n<!-- \/ Yoast SEO plugin. -->","yoast_head_json":{"title":"Top 5 Desarrollos en Playacar - gracias - L&#039;agence by Los Socios","robots":{"index":"index","follow":"follow","max-snippet":"max-snippet:-1","max-image-preview":"max-image-preview:large","max-video-preview":"max-video-preview:-1"},"canonical":"https:\/\/lagencemx.com\/en\/top-5-desarrollos-en-playacar-gracias-2\/","og_locale":"en_US","og_type":"article","og_title":"Top 5 Desarrollos en Playacar - gracias - L&#039;agence by Los Socios","og_description":"\u00a1Gracias Hemos Recibido tu solicitud! Tu cita de presentaci\u00f3n se registro con \u00e9xito, un asesor L&#8217;agence se pondr\u00e1 en contacto contigo para confirmar la cita y apoyarte en cualquier duda que puedas tener. Haz clic en el bot\u00f3n para acceder al documento TOP 5 DESARROLLOS EN PLAYACAR ACCEDER AL DOCUMENTO TOP 5 DESARROLLOS EN PLAYACAR [&hellip;]","og_url":"https:\/\/lagencemx.com\/en\/top-5-desarrollos-en-playacar-gracias-2\/","og_site_name":"L&#039;agence by Los Socios","article_publisher":"https:\/\/www.facebook.com\/lagencebylossocios\/","og_image":[{"width":1920,"height":1079,"url":"https:\/\/lagencemx.com\/wp-content\/uploads\/2024\/05\/1.-Vista-Aerea.jpg","type":"image\/jpeg"}],"twitter_card":"summary_large_image","twitter_misc":{"Est. reading time":"2 minutes"},"schema":{"@context":"https:\/\/schema.org","@graph":[{"@type":"WebPage","@id":"https:\/\/lagencemx.com\/top-5-desarrollos-en-playacar-gracias-2\/","url":"https:\/\/lagencemx.com\/top-5-desarrollos-en-playacar-gracias-2\/","name":"Top 5 Desarrollos en Playacar - gracias - L&#039;agence by Los Socios","isPartOf":{"@id":"https:\/\/lagencemx.com\/#website"},"datePublished":"2024-08-09T20:54:22+00:00","dateModified":"2024-08-09T20:54:22+00:00","breadcrumb":{"@id":"https:\/\/lagencemx.com\/top-5-desarrollos-en-playacar-gracias-2\/#breadcrumb"},"inLanguage":"en-US","potentialAction":[{"@type":"ReadAction","target":["https:\/\/lagencemx.com\/top-5-desarrollos-en-playacar-gracias-2\/"]}]},{"@type":"BreadcrumbList","@id":"https:\/\/lagencemx.com\/top-5-desarrollos-en-playacar-gracias-2\/#breadcrumb","itemListElement":[{"@type":"ListItem","position":1,"name":"Portada","item":"https:\/\/lagencemx.com\/es\/"},{"@type":"ListItem","position":2,"name":"Top 5 Desarrollos en Playacar &#8211; gracias"}]},{"@type":"WebSite","@id":"https:\/\/lagencemx.com\/#website","url":"https:\/\/lagencemx.com\/","name":"L'agence by Los Socios","description":"Bienes Ra\u00edces de Lujo en la Riviera Maya","publisher":{"@id":"https:\/\/lagencemx.com\/#organization"},"potentialAction":[{"@type":"SearchAction","target":{"@type":"EntryPoint","urlTemplate":"https:\/\/lagencemx.com\/?s={search_term_string}"},"query-input":"required name=search_term_string"}],"inLanguage":"en-US"},{"@type":"Organization","@id":"https:\/\/lagencemx.com\/#organization","name":"L'agence by Los Socios","alternateName":"L'agence","url":"https:\/\/lagencemx.com\/","logo":{"@type":"ImageObject","inLanguage":"en-US","@id":"https:\/\/lagencemx.com\/#\/schema\/logo\/image\/","url":"https:\/\/lagencemx.com\/wp-content\/uploads\/2023\/04\/l-agence-by-los-socios.jpg","contentUrl":"https:\/\/lagencemx.com\/wp-content\/uploads\/2023\/04\/l-agence-by-los-socios.jpg","width":792,"height":612,"caption":"L'agence by Los Socios"},"image":{"@id":"https:\/\/lagencemx.com\/#\/schema\/logo\/image\/"},"sameAs":["https:\/\/www.facebook.com\/lagencebylossocios\/","https:\/\/www.instagram.com\/lagence_mx\/","https:\/\/www.instagram.com\/lossocios_lifestyle\/"]}]}},"_links":{"self":[{"href":"https:\/\/lagencemx.com\/en\/wp-json\/wp\/v2\/pages\/16258","targetHints":{"allow":["GET"]}}],"collection":[{"href":"https:\/\/lagencemx.com\/en\/wp-json\/wp\/v2\/pages"}],"about":[{"href":"https:\/\/lagencemx.com\/en\/wp-json\/wp\/v2\/types\/page"}],"author":[{"embeddable":true,"href":"https:\/\/lagencemx.com\/en\/wp-json\/wp\/v2\/users\/8"}],"replies":[{"embeddable":true,"href":"https:\/\/lagencemx.com\/en\/wp-json\/wp\/v2\/comments?post=16258"}],"version-history":[{"count":5,"href":"https:\/\/lagencemx.com\/en\/wp-json\/wp\/v2\/pages\/16258\/revisions"}],"predecessor-version":[{"id":16266,"href":"https:\/\/lagencemx.com\/en\/wp-json\/wp\/v2\/pages\/16258\/revisions\/16266"}],"wp:featuredmedia":[{"embeddable":true,"href":"https:\/\/lagencemx.com\/en\/wp-json\/wp\/v2\/media\/15065"}],"wp:attachment":[{"href":"https:\/\/lagencemx.com\/en\/wp-json\/wp\/v2\/media?parent=16258"}],"curies":[{"name":"wp","href":"https:\/\/api.w.org\/{rel}","templated":true}]}}